{"id":987,"date":"2023-03-15T21:12:06","date_gmt":"2023-03-15T21:12:06","guid":{"rendered":"https:\/\/hofre.pl\/?page_id=987"},"modified":"2025-03-11T11:27:11","modified_gmt":"2025-03-11T11:27:11","slug":"firma-sprzatajaca-domy-poznan","status":"publish","type":"page","link":"https:\/\/hofre.pl\/index.php\/firma-sprzatajaca-domy-poznan\/","title":{"rendered":"Firma sprz\u0105taj\u0105ca domy Pozna\u0144"},"content":{"rendered":"\n<div class=\"wp-block-media-text alignwide is-stacked-on-mobile\" style=\"grid-template-columns:47% auto\"><figure class=\"wp-block-media-text__media\"><img loading=\"lazy\" decoding=\"async\" width=\"1024\" height=\"576\" src=\"https:\/\/hofre.pl\/wp-content\/uploads\/2023\/03\/20230303_142617-1024x576.jpg\" alt=\"Firma sprz\u0105taj\u0105ca domy Pozna\u0144\" class=\"wp-image-992 size-full\" srcset=\"https:\/\/hofre.pl\/wp-content\/uploads\/2023\/03\/20230303_142617-1024x576.jpg 1024w, https:\/\/hofre.pl\/wp-content\/uploads\/2023\/03\/20230303_142617-300x169.jpg 300w, https:\/\/hofre.pl\/wp-content\/uploads\/2023\/03\/20230303_142617-768x432.jpg 768w, https:\/\/hofre.pl\/wp-content\/uploads\/2023\/03\/20230303_142617-1536x864.jpg 1536w, https:\/\/hofre.pl\/wp-content\/uploads\/2023\/03\/20230303_142617-2048x1152.jpg 2048w\" sizes=\"auto, (max-width: 1024px) 100vw, 1024px\" \/><\/figure><div class=\"wp-block-media-text__content\">\n<h1 class=\"wp-block-heading has-text-align-center has-black-color has-text-color\"><strong>Firma sprz\u0105taj\u0105ca domy Pozna\u0144.<\/strong><\/h1>\n\n\n\n<p class=\"has-black-color has-text-color\">Szukasz zapewne profesjonalnej firmy sprz\u0105taj\u0105cej w poznaniu, Kt\u00f3ra zaoferuje najlepsze i najkorzystniejsze us\u0142ugi sprz\u0105taj\u0105ce dla twojego domu lub mieszkania, to trafi\u0142e\u015b pod najlepszy adres hofre.pl ! Hofre to najlepszy do\u015bwiadczony zesp\u00f3\u0142 specjalist\u00f3w, kt\u00f3ry wykonuje us\u0142ugi sprz\u0105tania od ponad 10 lat. Posiadamy wiedz\u0119 oraz niezb\u0119dne do\u015bwiadczenie do zapewnienia tobie czysto\u015bci i porz\u0105dku w twoim domu lub mieszkaniu na terenie Poznania i okolic do 35Km.<\/p>\n\n\n\n<p>Us\u0142ugi sprz\u0105taj\u0105ce dla klient\u00f3w indywidualnych Pozna\u0144<\/p>\n\n\n\n<p class=\"has-black-color has-text-color\">Sprz\u0105tanie dom\u00f3w oraz mieszka\u0144 to nasza specjalno\u015b\u0107 a nasza wykwalifikowana kadra to specjali\u015bci w swoim fachu. Tak to my jeste\u015bmy najlepsi w dziedzinie sprz\u0105tania dom\u00f3w oraz mieszka\u0144. Hofre u\u017cywa najlepszych , profesjonalnych narz\u0119dzi \u201e<a href=\"https:\/\/www.kaercher.com\" target=\"_blank\" rel=\"noreferrer noopener\">Karcher<\/a>\u201d sprz\u0105taj\u0105cych oraz renomowanych \u015br. Czysto\u015bci \u201e<a href=\"https:\/\/www.clinex.com.pl\" target=\"_blank\" rel=\"noreferrer noopener\">Clinex<\/a>\u201d, \u201e<a href=\"https:\/\/www.buzil.pl\/home-buzil.html\" target=\"_blank\" rel=\"noreferrer noopener\">Buzil<\/a>\u201d tak aby zapewni\u0107, \u017ce tw\u00f3j dom lub mieszkanie w Poznaniu b\u0119dzie czyste i kompleksowo wysprz\u0105tane dla Ciebie i Twojej rodziny.<\/p>\n\n\n\n<p class=\"has-black-color has-text-color\">Pozna\u0144 sprz\u0105tanie dom\u00f3w i mieszka\u0144 to szeroki zakres us\u0142ug od czyszczenia mebli , odkurzania dywan\u00f3w oraz tapicerki, mycia okien, \u0142azienek oraz kuchni. Nasza <a href=\"https:\/\/hofre.pl\/index.php\/firma-sprzatajaca-poznan-cennik\/\" target=\"_blank\" rel=\"noreferrer noopener\">oferta <\/a>nie ko\u0144czy si\u0119 nawet na myciu lod\u00f3wki czy kominka to wiele wi\u0119cej us\u0142ug sprz\u0105taj\u0105cych w Poznaniu, kt\u00f3re pomog\u0105 ci w utrzymaniu czysto\u015bci twojej nieruchomo\u015bci. Hofre to gwarancja czystego domu po remoncie, budowie czy przeprowadzce.<\/p>\n\n\n\n<p class=\"has-black-color has-text-color\">Sprz\u0105tanie dom\u00f3w Pozna\u0144<\/p>\n<\/div><\/div>\n\n\n\n<div class=\"wp-block-media-text alignwide has-media-on-the-right is-stacked-on-mobile\"><div class=\"wp-block-media-text__content\">\n<p><\/p>\n\n\n\n<p class=\"has-text-align-center has-black-color has-text-color\"><strong>Dlaczego warto skorzysta\u0107 z naszych us\u0142ug ?<\/strong><\/p>\n\n\n\n<ul class=\"wp-block-list\">\n<li>Do\u015bwiadczenie i wykwalifikowany personel<\/li>\n\n\n\n<li>U\u017cycie tylko najlepszych oraz najskuteczniejszych narz\u0119dzi i \u015br. Czysto\u015bci<\/li>\n\n\n\n<li>Jeste\u015bmy najbardziej elastyczni w dostosowaniu us\u0142ug do potrzeb klienta<\/li>\n\n\n\n<li>Otrzymujesz najwy\u017csza jako\u015b\u0107 us\u0142ug<\/li>\n\n\n\n<li>Posiadamy konkurencyjne ceny<\/li>\n\n\n\n<li>Szeroki zakres us\u0142ug od sprz\u0105tania dom\u00f3w i mieszka\u0144 do sprz\u0105tania dom\u00f3w po budowie<\/li>\n<\/ul>\n<\/div><figure class=\"wp-block-media-text__media\"><img loading=\"lazy\" decoding=\"async\" width=\"1024\" height=\"576\" src=\"https:\/\/hofre.pl\/wp-content\/uploads\/2023\/03\/20230303_142755-1024x576.jpg\" alt=\"Us\u0142ugi sprz\u0105taj\u0105ce dom\u00f3w i mieszka\u0144 Pozna\u0144\" class=\"wp-image-993 size-full\" srcset=\"https:\/\/hofre.pl\/wp-content\/uploads\/2023\/03\/20230303_142755-1024x576.jpg 1024w, https:\/\/hofre.pl\/wp-content\/uploads\/2023\/03\/20230303_142755-300x169.jpg 300w, https:\/\/hofre.pl\/wp-content\/uploads\/2023\/03\/20230303_142755-768x432.jpg 768w, https:\/\/hofre.pl\/wp-content\/uploads\/2023\/03\/20230303_142755-1536x864.jpg 1536w, https:\/\/hofre.pl\/wp-content\/uploads\/2023\/03\/20230303_142755-2048x1152.jpg 2048w\" sizes=\"auto, (max-width: 1024px) 100vw, 1024px\" \/><\/figure><\/div>\n\n\n\n<h2 class=\"wp-block-heading has-black-color has-text-color\"><strong>Mycie okien w domu Pozna\u0144.<\/strong><\/h2>\n\n\n\n<div class=\"wp-block-media-text alignwide is-stacked-on-mobile\"><figure class=\"wp-block-media-text__media\"><img loading=\"lazy\" decoding=\"async\" width=\"1024\" height=\"577\" src=\"https:\/\/hofre.pl\/wp-content\/uploads\/2023\/03\/20230227_142122-1-1024x577.jpg\" alt=\"\" class=\"wp-image-994 size-full\" srcset=\"https:\/\/hofre.pl\/wp-content\/uploads\/2023\/03\/20230227_142122-1-1024x577.jpg 1024w, https:\/\/hofre.pl\/wp-content\/uploads\/2023\/03\/20230227_142122-1-300x169.jpg 300w, https:\/\/hofre.pl\/wp-content\/uploads\/2023\/03\/20230227_142122-1-768x432.jpg 768w, https:\/\/hofre.pl\/wp-content\/uploads\/2023\/03\/20230227_142122-1-1536x865.jpg 1536w, https:\/\/hofre.pl\/wp-content\/uploads\/2023\/03\/20230227_142122-1-2048x1153.jpg 2048w\" sizes=\"auto, (max-width: 1024px) 100vw, 1024px\" \/><\/figure><div class=\"wp-block-media-text__content\">\n<p class=\"has-black-color has-text-color\"><a href=\"https:\/\/hofre.pl\/index.php\/mycie-okien-poznan\/\" target=\"_blank\" rel=\"noreferrer noopener\">Mycie okien<\/a> to jedno z zada\u0144, kt\u00f3rych najbardziej nie lubimy w naszych domach. Cz\u0119sto wybrudzone od py\u0142u miejskiego zgie\u0142ku czy innych gorszych plam i zaciek\u00f3w. Mycie okien wymaga czasu, wysi\u0142ku oraz specjalistycznych narz\u0119dzi, kt\u00f3rych nie mamy i nie s\u0105 dost\u0119pne w ka\u017cdym domu lub w mieszkaniu. Hofre to profesjonalna firma sprz\u0105taj\u0105ca, kt\u00f3ra oferuje kompleksowe us\u0142ugi mycia okien w odmach i mieszkaniach. Firma myj\u0105ca okna w Poznaniu myje okna ramy oraz parapety tak by\u015b ty m\u00f3g\u0142 si\u0119 tylko przygl\u0105da\u0107 pi\u0119knemu widokowi z za okna.<\/p>\n\n\n\n<p class=\"has-black-color has-text-color\">Dostosowujemy si\u0119 oraz posiadamy elastycznie podej\u015bcie do potrzeb naszych klient\u00f3w. <a href=\"https:\/\/hofre.pl\/index.php\/firma-sprzatajaca-poznan-cennik\/\" target=\"_blank\" rel=\"noreferrer noopener\">Cennik <\/a>mycia okien Pozna\u0144 to najlepszy kierunek by pozna\u0107, \u017ce nasza oferta jest konkurencyjna pod wzgl\u0119dem ceny i jako\u015bci. Hofre zapewnia transparentno\u015b\u0107 oraz wycen\u0119 us\u0142ugi tak by nasi klienci byli zawsze zadowoleni z ceny i jako\u015bci \u015bwiadczonych przez nas us\u0142ug.<\/p>\n\n\n\n<p class=\"has-black-color has-text-color\">Je\u015bli potrzebujesz profesjonalnego mycia okien w Poznaniu, <a href=\"https:\/\/hofre.pl\/index.php\/firma-sprzatajaca-poznan-kontakt\/\" target=\"_blank\" rel=\"noreferrer noopener\">skontaktuj <\/a>si\u0119 z nasza firm\u0119 i zam\u00f3w kompleksow\u0105 us\u0142ug\u0119. Ciesz si\u0119 czysto\u015bci\u0105 okien w twoim domu ju\u017c dzi\u015b.<\/p>\n<\/div><\/div>\n\n\n\n<h2 class=\"wp-block-heading has-text-align-center has-black-color has-text-color\"><strong>Sprz\u0105tanie dom\u00f3w po budowie, remoncie Pozna\u0144<\/strong><\/h2>\n\n\n\n<p class=\"has-black-color has-text-color\">Mia\u0142e\u015b budow\u0119, a mo\u017ce ma\u0142y remont domu ? Chcesz ju\u017c zaraz zamieszka\u0107 a nadal nie zabra\u0142e\u015b si\u0119 za sprz\u0105tanie?<\/p>\n\n\n\n<p class=\"has-black-color has-text-color\">Budowa czy remont to czas niezwykle intensywnej pracy oraz chaosu trwaj\u0105cej kilka miesi\u0119cy a nawet lat. Pozostawia po sobie totalne pobojowisko oraz wiele nieczysto\u015bci. Po zako\u0144czeniu budowy oraz prac poremontowych, konieczne jest przeprowadzenie sprz\u0105tanie po remoncie Pozna\u0144, aby m\u00f3c cieszy\u0107 si\u0119 nowym pi\u0119knym domem lub wyremontowanym mieszkaniem. Dlatego te\u017c firma myj\u0105ca okna w Poznaniu Hofre oferuje kompleksowe us\u0142ugi sprz\u0105taj\u0105ce po budowie, remoncie w Poznaniu i okolicach do 35Km dom\u00f3w oraz mieszka\u0144.<\/p>\n\n\n\n<p class=\"has-black-color has-text-color\">Nasze us\u0142ugi sprz\u0105tania po budowie obejmuj\u0105 miedzy innymi:<\/p>\n\n\n\n<ul class=\"wp-block-list\">\n<li>Usuwanie resztek budowlanych, takich jak tynki, farby, gruz<\/li>\n\n\n\n<li>Mycie i odkurzanie pod\u0142\u00f3g, \u015bcian<\/li>\n\n\n\n<li>Mycie okien i usuwanie plam po budowlanych z ram i parapet\u00f3w okiennych<\/li>\n\n\n\n<li>Oczyszczanie \u0142azienek, pokoi i kuchni<\/li>\n\n\n\n<li>Czyszczenie powierzchni mebli<\/li>\n<\/ul>\n\n\n\n<p class=\"has-black-color has-text-color\">Nasze us\u0142ugi jak poprzednio \u015bwiadczymy w konkurencyjnych cenach, o kt\u00f3rych przekona\u0142o si\u0119 wielu naszych obecnych klient\u00f3w w Poznaniu i nie tylko . Je\u015bli potrzebujesz tego typu us\u0142ug <a href=\"https:\/\/hofre.pl\/index.php\/firma-sprzatajaca-poznan-kontakt\/\" target=\"_blank\" rel=\"noreferrer noopener\">skontaktuj<\/a> si\u0119 z nami ju\u017c dzi\u015b by cieszy\u0107 si\u0119 czystym pi\u0119knem swojego nowego domu.<\/p>\n\n\n<div class=\"wp-block-image is-style-default\">\n<figure class=\"aligncenter size-large is-resized\"><img loading=\"lazy\" decoding=\"async\" width=\"1024\" height=\"576\" src=\"https:\/\/hofre.pl\/wp-content\/uploads\/2023\/03\/20230227_163534-1024x576.jpg\" alt=\"Sprz\u0105tanie dom\u00f3w po remoncie Pozna\u0144\" class=\"wp-image-995\" style=\"width:672px;height:377px\" srcset=\"https:\/\/hofre.pl\/wp-content\/uploads\/2023\/03\/20230227_163534-1024x576.jpg 1024w, https:\/\/hofre.pl\/wp-content\/uploads\/2023\/03\/20230227_163534-300x169.jpg 300w, https:\/\/hofre.pl\/wp-content\/uploads\/2023\/03\/20230227_163534-768x432.jpg 768w, https:\/\/hofre.pl\/wp-content\/uploads\/2023\/03\/20230227_163534-1536x864.jpg 1536w, https:\/\/hofre.pl\/wp-content\/uploads\/2023\/03\/20230227_163534-2048x1152.jpg 2048w\" sizes=\"auto, (max-width: 1024px) 100vw, 1024px\" \/><\/figure>\n<\/div>\n\n\n<h4 class=\"wp-block-heading has-text-align-center has-black-color has-text-color\"><strong>Podsumowuj\u0105c dlaczego warto wybra\u0107 Hofre firm\u0119 sprz\u0105taj\u0105c\u0105 domy i mieszkania w Poznaniu ?<\/strong><\/h4>\n\n\n\n<p class=\"has-black-color has-text-color\">Jeste\u015bmy hofre firma sprz\u0105taj\u0105ca z Poznania z wieloletnim do\u015bwiadczeniem z bran\u017cy, wiemy jak wa\u017cne jest zapewnienie najlepszej oraz wysokiej jako\u015bci us\u0142ug. Staramy si\u0119, aby ka\u017cde sprz\u0105tanie by\u0142o dok\u0142adne i staranne. Hofre Pozna\u0144 to elastyczno\u015b\u0107 i dostosowuje si\u0119 do potrzeb naszych obecnych oraz przysz\u0142ych klient\u00f3w, co oznacza , \u017ce mo\u017cemy zapewni\u0107 regularne <a href=\"https:\/\/hofre.pl\/index.php\/uslugi-sprzatajace-w-poznaniu\/\" target=\"_blank\" rel=\"noreferrer noopener\">us\u0142ug <\/a>sprz\u0105taj\u0105ce Pozna\u0144 lub jednorazowe czyszczenie mieszkania i domu.<\/p>\n\n\n\n<ul class=\"wp-block-list\">\n<li>Do\u015bwiadczony i wykwalifikowany personel<\/li>\n\n\n\n<li>U\u017cycie najlepszych \u015br. Czysto\u015bci oraz sprz\u0119tu<\/li>\n\n\n\n<li>Najwi\u0119ksz\u0105 elastyczno\u015b\u0107 w dostosowaniu us\u0142ug do potrzeb naszego klienta<\/li>\n\n\n\n<li>Wysok\u0105 jako\u015b\u0107 us\u0142ug, dok\u0142adno\u015b\u0107 oraz skuteczno\u015b\u0107 w dzia\u0142aniu<\/li>\n\n\n\n<li>Konkurencyjne i atrakcyjne ceny<\/li>\n<\/ul>\n\n\n\n<h3 class=\"wp-block-heading has-text-align-center has-black-color has-text-color\"><strong>Co otrzymujesz wybieraj\u0105c Hofre dla twojego domu i mieszkania, Firma sprz\u0105taj\u0105ca domy Pozna\u0144<\/strong><\/h3>\n\n\n\n<p class=\"has-black-color has-text-color\">Sprz\u0105tanie<\/p>\n\n\n\n<ul class=\"wp-block-list\">\n<li>Bie\u017c\u0105ce utrzymanie domu<\/li>\n\n\n\n<li>Toalet (Mycie ubikacji, luster, front\u00f3w szafek, pod\u0142ogi, wytarcie kurzy, osadu z myd\u0142a, natrysku, 1x w roku mycie wszystkich p\u0142ytek w pomieszczeniu,) \u00b7<\/li>\n\n\n\n<li>Kuchni (Mycie pod\u0142ogi, zlewu, p\u0142yta lub piecyk gazowy, p\u0142ytek nad blatem kuchennym, front\u00f3w szafek i wszelkich innych zabrudze\u0144, 1x w roku mycie wszystkich p\u0142ytek w pomieszczeniu, 2x w roku wytarcie kurzy na wisz\u0105cych szafkach kuchennych)<\/li>\n\n\n\n<li>Sprz\u0105tanie pokoi i sypialni (Mycie i odkurzanie pod\u0142\u00f3g, wytarcie kurzy, odkurzenie du\u017cych element\u00f3w dekoracji pomieszczenia, odsuni\u0119cie i wysprz\u0105tanie pod lekkimi meblami oraz odkurzanie gdy zajdzie potrzeba kanap, sof etc.)<\/li>\n\n\n\n<li>Wycieranie \u0142atwo dost\u0119pnych lamp i drzwi z kurzu, \u015bci\u0105ganie paj\u0119czyn<\/li>\n\n\n\n<li>Zmycie i wytarcie niewielkiej ilo\u015bci naczy\u0144<\/li>\n\n\n\n<li>Bie\u017c\u0105ce utrzymanie czysto\u015bci powierzchni szklanych<\/li>\n\n\n\n<li>Je\u015bli szukasz firmy sprz\u0105taj\u0105cej w Poznaniu, kt\u00f3ra oferuje us\u0142ugi sprz\u0105tania dom\u00f3w i mieszka\u0144 , to skontaktuj si\u0119 z nami ju\u017c dzi\u015b .Pomo\u017cemy ci w utrzymaniu czysto\u015bci i porz\u0105dku<\/li>\n<\/ul>\n\n\n\n<h3 class=\"wp-block-heading has-text-align-center\">Pozna\u0144 sprz\u0105tanie dom\u00f3w kontakt<\/h3>\n\n\n\n<p class=\"has-black-color has-text-color\">Masz <a href=\"https:\/\/hofre.pl\/index.php\/qa\/\" target=\"_blank\" rel=\"noreferrer noopener\">pytania <\/a>lub ch\u0119\u0107 zam\u00f3wi\u0107 nasze us\u0142ugi? <strong>Firma sprz\u0105taj\u0105ca domy Pozna\u0144<\/strong> Skorzystaj z zak\u0142adki <a href=\"https:\/\/hofre.pl\/index.php\/firma-sprzatajaca-poznan-kontakt\/\" target=\"_blank\" rel=\"noreferrer noopener\">kontakt<\/a><\/p>\n\n\n\n<p class=\"has-black-color has-text-color\"><\/p>\n","protected":false},"excerpt":{"rendered":"<p>Firma sprz\u0105taj\u0105ca domy Pozna\u0144. Szukasz zapewne profesjonalnej firmy sprz\u0105taj\u0105cej w poznaniu, Kt\u00f3ra zaoferuje najlepsze i najkorzystniejsze us\u0142ugi sprz\u0105taj\u0105ce dla twojego domu lub mieszkania, to trafi\u0142e\u015b pod najlepszy adres hofre.pl ! Hofre to najlepszy do\u015bwiadczony zesp\u00f3\u0142 specjalist\u00f3w, kt\u00f3ry wykonuje us\u0142ugi sprz\u0105tania od ponad 10 lat. Posiadamy wiedz\u0119 oraz niezb\u0119dne do\u015bwiadczenie do zapewnienia tobie czysto\u015bci i porz\u0105dku [&hellip;]<\/p>\n","protected":false},"author":1,"featured_media":0,"parent":0,"menu_order":0,"comment_status":"closed","ping_status":"closed","template":"","meta":{"footnotes":""},"class_list":["post-987","page","type-page","status-publish","hentry"],"yoast_head":"<!-- This site is optimized with the Yoast SEO plugin v27.5 - https:\/\/yoast.com\/product\/yoast-seo-wordpress\/ -->\n<title>Firma sprz\u0105taj\u0105ca domy Pozna\u0144- Hofre.pl<\/title>\n<meta name=\"description\" content=\"Firma sprz\u0105taj\u0105ca domy Pozna\u0144 Hofre to najlepsza firma oferuj\u0105ca sprz\u0105tanie dom\u00f3w Pozna\u0144 oraz inne us\u0142ugi sprz\u0105taj\u0105ce w atrakcyjnych cenach\" \/>\n<meta name=\"robots\" content=\"index, follow, max-snippet:-1, max-image-preview:large, max-video-preview:-1\" \/>\n<link rel=\"canonical\" href=\"https:\/\/hofre.pl\/index.php\/firma-sprzatajaca-domy-poznan\/\" \/>\n<meta property=\"og:locale\" content=\"en_US\" \/>\n<meta property=\"og:type\" content=\"article\" \/>\n<meta property=\"og:title\" content=\"Firma sprz\u0105taj\u0105ca domy Pozna\u0144- Hofre.pl\" \/>\n<meta property=\"og:description\" content=\"Firma sprz\u0105taj\u0105ca domy Pozna\u0144 Hofre to najlepsza firma oferuj\u0105ca sprz\u0105tanie dom\u00f3w Pozna\u0144 oraz inne us\u0142ugi sprz\u0105taj\u0105ce w atrakcyjnych cenach\" \/>\n<meta property=\"og:url\" content=\"https:\/\/hofre.pl\/index.php\/firma-sprzatajaca-domy-poznan\/\" \/>\n<meta property=\"article:publisher\" content=\"https:\/\/www.facebook.com\/profile.php?id=100088584422656\" \/>\n<meta property=\"article:modified_time\" content=\"2025-03-11T11:27:11+00:00\" \/>\n<meta property=\"og:image\" content=\"https:\/\/hofre.pl\/wp-content\/uploads\/2023\/03\/20230303_142617-scaled.jpg\" \/>\n\t<meta property=\"og:image:width\" content=\"2560\" \/>\n\t<meta property=\"og:image:height\" content=\"1440\" \/>\n\t<meta property=\"og:image:type\" content=\"image\/jpeg\" \/>\n<meta name=\"twitter:card\" content=\"summary_large_image\" \/>\n<meta name=\"twitter:label1\" content=\"Est. reading time\" \/>\n\t<meta name=\"twitter:data1\" content=\"5 minutes\" \/>\n<script type=\"application\/ld+json\" class=\"yoast-schema-graph\">{\"@context\":\"https:\\\/\\\/schema.org\",\"@graph\":[{\"@type\":\"WebPage\",\"@id\":\"https:\\\/\\\/hofre.pl\\\/index.php\\\/firma-sprzatajaca-domy-poznan\\\/\",\"url\":\"https:\\\/\\\/hofre.pl\\\/index.php\\\/firma-sprzatajaca-domy-poznan\\\/\",\"name\":\"Firma sprz\u0105taj\u0105ca domy Pozna\u0144- Hofre.pl\",\"isPartOf\":{\"@id\":\"https:\\\/\\\/hofre.pl\\\/#website\"},\"primaryImageOfPage\":{\"@id\":\"https:\\\/\\\/hofre.pl\\\/index.php\\\/firma-sprzatajaca-domy-poznan\\\/#primaryimage\"},\"image\":{\"@id\":\"https:\\\/\\\/hofre.pl\\\/index.php\\\/firma-sprzatajaca-domy-poznan\\\/#primaryimage\"},\"thumbnailUrl\":\"https:\\\/\\\/hofre.pl\\\/wp-content\\\/uploads\\\/2023\\\/03\\\/20230303_142617-1024x576.jpg\",\"datePublished\":\"2023-03-15T21:12:06+00:00\",\"dateModified\":\"2025-03-11T11:27:11+00:00\",\"description\":\"Firma sprz\u0105taj\u0105ca domy Pozna\u0144 Hofre to najlepsza firma oferuj\u0105ca sprz\u0105tanie dom\u00f3w Pozna\u0144 oraz inne us\u0142ugi sprz\u0105taj\u0105ce w atrakcyjnych cenach\",\"breadcrumb\":{\"@id\":\"https:\\\/\\\/hofre.pl\\\/index.php\\\/firma-sprzatajaca-domy-poznan\\\/#breadcrumb\"},\"inLanguage\":\"en-US\",\"potentialAction\":[{\"@type\":\"ReadAction\",\"target\":[\"https:\\\/\\\/hofre.pl\\\/index.php\\\/firma-sprzatajaca-domy-poznan\\\/\"]}]},{\"@type\":\"ImageObject\",\"inLanguage\":\"en-US\",\"@id\":\"https:\\\/\\\/hofre.pl\\\/index.php\\\/firma-sprzatajaca-domy-poznan\\\/#primaryimage\",\"url\":\"https:\\\/\\\/hofre.pl\\\/wp-content\\\/uploads\\\/2023\\\/03\\\/20230303_142617-scaled.jpg\",\"contentUrl\":\"https:\\\/\\\/hofre.pl\\\/wp-content\\\/uploads\\\/2023\\\/03\\\/20230303_142617-scaled.jpg\",\"width\":2560,\"height\":1440,\"caption\":\"Firma sprz\u0105taj\u0105ca domy Pozna\u0144\"},{\"@type\":\"BreadcrumbList\",\"@id\":\"https:\\\/\\\/hofre.pl\\\/index.php\\\/firma-sprzatajaca-domy-poznan\\\/#breadcrumb\",\"itemListElement\":[{\"@type\":\"ListItem\",\"position\":1,\"name\":\"Strona g\u0142\u00f3wna\",\"item\":\"https:\\\/\\\/hofre.pl\\\/\"},{\"@type\":\"ListItem\",\"position\":2,\"name\":\"Firma sprz\u0105taj\u0105ca domy Pozna\u0144\"}]},{\"@type\":\"WebSite\",\"@id\":\"https:\\\/\\\/hofre.pl\\\/#website\",\"url\":\"https:\\\/\\\/hofre.pl\\\/\",\"name\":\"Firma sprz\u0105taj\u0105ca Pozna\u0144 Hofre\",\"description\":\"\",\"publisher\":{\"@id\":\"https:\\\/\\\/hofre.pl\\\/#organization\"},\"alternateName\":\"Firma sprz\u0105taj\u0105ca z Poznania\",\"potentialAction\":[{\"@type\":\"SearchAction\",\"target\":{\"@type\":\"EntryPoint\",\"urlTemplate\":\"https:\\\/\\\/hofre.pl\\\/?s={search_term_string}\"},\"query-input\":{\"@type\":\"PropertyValueSpecification\",\"valueRequired\":true,\"valueName\":\"search_term_string\"}}],\"inLanguage\":\"en-US\"},{\"@type\":\"Organization\",\"@id\":\"https:\\\/\\\/hofre.pl\\\/#organization\",\"name\":\"Firma sprz\u0105taj\u0105ca Pozna\u0144 Hofre\",\"url\":\"https:\\\/\\\/hofre.pl\\\/\",\"logo\":{\"@type\":\"ImageObject\",\"inLanguage\":\"en-US\",\"@id\":\"https:\\\/\\\/hofre.pl\\\/#\\\/schema\\\/logo\\\/image\\\/\",\"url\":\"https:\\\/\\\/hofre.pl\\\/wp-content\\\/uploads\\\/2023\\\/02\\\/cropped-Hofre-Poznan-logo.jpg\",\"contentUrl\":\"https:\\\/\\\/hofre.pl\\\/wp-content\\\/uploads\\\/2023\\\/02\\\/cropped-Hofre-Poznan-logo.jpg\",\"width\":825,\"height\":250,\"caption\":\"Firma sprz\u0105taj\u0105ca Pozna\u0144 Hofre\"},\"image\":{\"@id\":\"https:\\\/\\\/hofre.pl\\\/#\\\/schema\\\/logo\\\/image\\\/\"},\"sameAs\":[\"https:\\\/\\\/www.facebook.com\\\/profile.php?id=100088584422656\",\"https:\\\/\\\/www.instagram.com\\\/firma_sprzatajaca_poznan_hofre\\\/\"]}]}<\/script>\n<!-- \/ Yoast SEO plugin. -->","yoast_head_json":{"title":"Firma sprz\u0105taj\u0105ca domy Pozna\u0144- Hofre.pl","description":"Firma sprz\u0105taj\u0105ca domy Pozna\u0144 Hofre to najlepsza firma oferuj\u0105ca sprz\u0105tanie dom\u00f3w Pozna\u0144 oraz inne us\u0142ugi sprz\u0105taj\u0105ce w atrakcyjnych cenach","robots":{"index":"index","follow":"follow","max-snippet":"max-snippet:-1","max-image-preview":"max-image-preview:large","max-video-preview":"max-video-preview:-1"},"canonical":"https:\/\/hofre.pl\/index.php\/firma-sprzatajaca-domy-poznan\/","og_locale":"en_US","og_type":"article","og_title":"Firma sprz\u0105taj\u0105ca domy Pozna\u0144- Hofre.pl","og_description":"Firma sprz\u0105taj\u0105ca domy Pozna\u0144 Hofre to najlepsza firma oferuj\u0105ca sprz\u0105tanie dom\u00f3w Pozna\u0144 oraz inne us\u0142ugi sprz\u0105taj\u0105ce w atrakcyjnych cenach","og_url":"https:\/\/hofre.pl\/index.php\/firma-sprzatajaca-domy-poznan\/","article_publisher":"https:\/\/www.facebook.com\/profile.php?id=100088584422656","article_modified_time":"2025-03-11T11:27:11+00:00","og_image":[{"width":2560,"height":1440,"url":"https:\/\/hofre.pl\/wp-content\/uploads\/2023\/03\/20230303_142617-scaled.jpg","type":"image\/jpeg"}],"twitter_card":"summary_large_image","twitter_misc":{"Est. reading time":"5 minutes"},"schema":{"@context":"https:\/\/schema.org","@graph":[{"@type":"WebPage","@id":"https:\/\/hofre.pl\/index.php\/firma-sprzatajaca-domy-poznan\/","url":"https:\/\/hofre.pl\/index.php\/firma-sprzatajaca-domy-poznan\/","name":"Firma sprz\u0105taj\u0105ca domy Pozna\u0144- Hofre.pl","isPartOf":{"@id":"https:\/\/hofre.pl\/#website"},"primaryImageOfPage":{"@id":"https:\/\/hofre.pl\/index.php\/firma-sprzatajaca-domy-poznan\/#primaryimage"},"image":{"@id":"https:\/\/hofre.pl\/index.php\/firma-sprzatajaca-domy-poznan\/#primaryimage"},"thumbnailUrl":"https:\/\/hofre.pl\/wp-content\/uploads\/2023\/03\/20230303_142617-1024x576.jpg","datePublished":"2023-03-15T21:12:06+00:00","dateModified":"2025-03-11T11:27:11+00:00","description":"Firma sprz\u0105taj\u0105ca domy Pozna\u0144 Hofre to najlepsza firma oferuj\u0105ca sprz\u0105tanie dom\u00f3w Pozna\u0144 oraz inne us\u0142ugi sprz\u0105taj\u0105ce w atrakcyjnych cenach","breadcrumb":{"@id":"https:\/\/hofre.pl\/index.php\/firma-sprzatajaca-domy-poznan\/#breadcrumb"},"inLanguage":"en-US","potentialAction":[{"@type":"ReadAction","target":["https:\/\/hofre.pl\/index.php\/firma-sprzatajaca-domy-poznan\/"]}]},{"@type":"ImageObject","inLanguage":"en-US","@id":"https:\/\/hofre.pl\/index.php\/firma-sprzatajaca-domy-poznan\/#primaryimage","url":"https:\/\/hofre.pl\/wp-content\/uploads\/2023\/03\/20230303_142617-scaled.jpg","contentUrl":"https:\/\/hofre.pl\/wp-content\/uploads\/2023\/03\/20230303_142617-scaled.jpg","width":2560,"height":1440,"caption":"Firma sprz\u0105taj\u0105ca domy Pozna\u0144"},{"@type":"BreadcrumbList","@id":"https:\/\/hofre.pl\/index.php\/firma-sprzatajaca-domy-poznan\/#breadcrumb","itemListElement":[{"@type":"ListItem","position":1,"name":"Strona g\u0142\u00f3wna","item":"https:\/\/hofre.pl\/"},{"@type":"ListItem","position":2,"name":"Firma sprz\u0105taj\u0105ca domy Pozna\u0144"}]},{"@type":"WebSite","@id":"https:\/\/hofre.pl\/#website","url":"https:\/\/hofre.pl\/","name":"Firma sprz\u0105taj\u0105ca Pozna\u0144 Hofre","description":"","publisher":{"@id":"https:\/\/hofre.pl\/#organization"},"alternateName":"Firma sprz\u0105taj\u0105ca z Poznania","potentialAction":[{"@type":"SearchAction","target":{"@type":"EntryPoint","urlTemplate":"https:\/\/hofre.pl\/?s={search_term_string}"},"query-input":{"@type":"PropertyValueSpecification","valueRequired":true,"valueName":"search_term_string"}}],"inLanguage":"en-US"},{"@type":"Organization","@id":"https:\/\/hofre.pl\/#organization","name":"Firma sprz\u0105taj\u0105ca Pozna\u0144 Hofre","url":"https:\/\/hofre.pl\/","logo":{"@type":"ImageObject","inLanguage":"en-US","@id":"https:\/\/hofre.pl\/#\/schema\/logo\/image\/","url":"https:\/\/hofre.pl\/wp-content\/uploads\/2023\/02\/cropped-Hofre-Poznan-logo.jpg","contentUrl":"https:\/\/hofre.pl\/wp-content\/uploads\/2023\/02\/cropped-Hofre-Poznan-logo.jpg","width":825,"height":250,"caption":"Firma sprz\u0105taj\u0105ca Pozna\u0144 Hofre"},"image":{"@id":"https:\/\/hofre.pl\/#\/schema\/logo\/image\/"},"sameAs":["https:\/\/www.facebook.com\/profile.php?id=100088584422656","https:\/\/www.instagram.com\/firma_sprzatajaca_poznan_hofre\/"]}]}},"jetpack_sharing_enabled":true,"_links":{"self":[{"href":"https:\/\/hofre.pl\/index.php\/wp-json\/wp\/v2\/pages\/987","targetHints":{"allow":["GET"]}}],"collection":[{"href":"https:\/\/hofre.pl\/index.php\/wp-json\/wp\/v2\/pages"}],"about":[{"href":"https:\/\/hofre.pl\/index.php\/wp-json\/wp\/v2\/types\/page"}],"author":[{"embeddable":true,"href":"https:\/\/hofre.pl\/index.php\/wp-json\/wp\/v2\/users\/1"}],"replies":[{"embeddable":true,"href":"https:\/\/hofre.pl\/index.php\/wp-json\/wp\/v2\/comments?post=987"}],"version-history":[{"count":20,"href":"https:\/\/hofre.pl\/index.php\/wp-json\/wp\/v2\/pages\/987\/revisions"}],"predecessor-version":[{"id":1645,"href":"https:\/\/hofre.pl\/index.php\/wp-json\/wp\/v2\/pages\/987\/revisions\/1645"}],"wp:attachment":[{"href":"https:\/\/hofre.pl\/index.php\/wp-json\/wp\/v2\/media?parent=987"}],"curies":[{"name":"wp","href":"https:\/\/api.w.org\/{rel}","templated":true}]}}