{"id":800,"date":"2023-02-19T12:31:41","date_gmt":"2023-02-19T12:31:41","guid":{"rendered":"https:\/\/hofre.pl\/?page_id=800"},"modified":"2025-03-11T11:09:52","modified_gmt":"2025-03-11T11:09:52","slug":"firma-sprzatajaca-biura-poznan","status":"publish","type":"page","link":"https:\/\/hofre.pl\/index.php\/firma-sprzatajaca-biura-poznan\/","title":{"rendered":"Firma sprz\u0105taj\u0105ca biura Pozna\u0144"},"content":{"rendered":"\n<h1 class=\"wp-block-heading has-text-align-center has-black-color has-text-color has-link-color wp-elements-5d072689e5e7d69c7d92fc8d41a6061f\"><strong>Firma sprz\u0105taj\u0105ca biura Pozna\u0144 <\/strong><\/h1>\n\n\n\n<p class=\"has-black-color has-text-color\">Posiadasz firm\u0119 w Poznaniu ? A mo\u017ce masz zamiar otworzy\u0107 firm\u0119 ?<\/p>\n\n\n\n<p class=\"has-black-color has-text-color\">Maj\u0105c na uwadze te dwa zapytania musisz sobie odpowiedzie\u0107 na kolejne pytanie czy ja musze posiada\u0107 biuro oraz firm\u0119 sprz\u0105taj\u0105c\u0105, kt\u00f3ra to biuro utrzyma w jak najlepszym porz\u0105dku?<\/p>\n\n\n\n<p class=\"has-black-color has-text-color\">Posiadanie firmy sprz\u0105taj\u0105cej w swoim biurze to obecnie niezb\u0119dna i konieczna kwestia ka\u017cdego przedsi\u0119biorstwa. Utrzymanie czysto\u015bci oraz porz\u0105dku w pomieszczeniach biurowych ale r\u00f3wnie\u017c socjalnych to nie tylko kwestia wizerunkowa ale, r\u00f3wnie\u017c sprawa bezpiecze\u0144stwa oraz zdrowia twoich pracownik\u00f3w. W\u0142a\u015bnie z tych powod\u00f3w powiniene\u015b zainwestowa\u0107 w Firm\u0119 sprz\u0105taj\u0105ca biura w Poznaniu. Zainwestuj w us\u0142ugi sprz\u0105taj\u0105ce w Poznaniu. Aktualnie w Poznaniu mo\u017cna znale\u017a\u0107 wiele firm oferuj\u0105cych profesjonalne oraz kompleksowe us\u0142ugi sprz\u0105taj\u0105ce dla twojego przedsi\u0119biorstwa oraz innego miejsca pracy. W dzisiejszych czasach nasz dzie\u0144 jest niezwykle zabiegany a kiedy masz firm\u0119 to wiecznie brakuje nam czasu na wszystkie obowi\u0105zki. Ka\u017cda firma pewnie jak i twoja stara si\u0119 znale\u017a\u0107 spos\u00f3b na jak najefektywniejsze wykorzystanie swojego czasu pracy oraz zminimalizowa\u0107 straty i niepotrzebne sprawy. Pozna\u0144 sprz\u0105tanie biur Hofre jest jedn\u0105 z takich sposob\u00f3w. Zatrudnienie firmy sprz\u0105taj\u0105cej biura Pozna\u0144 Hofre&nbsp;do utrzymywania porz\u0105dku w Poznaniu lub gminie Pozna\u0144.<\/p>\n\n\n\n<div class=\"wp-block-media-text alignwide is-stacked-on-mobile\"><figure class=\"wp-block-media-text__media\"><img loading=\"lazy\" decoding=\"async\" width=\"1024\" height=\"577\" src=\"https:\/\/hofre.pl\/wp-content\/uploads\/2023\/02\/20230204_133442-1024x577.jpg\" alt=\"\" class=\"wp-image-809 size-full\" srcset=\"https:\/\/hofre.pl\/wp-content\/uploads\/2023\/02\/20230204_133442-1024x577.jpg 1024w, https:\/\/hofre.pl\/wp-content\/uploads\/2023\/02\/20230204_133442-300x169.jpg 300w, https:\/\/hofre.pl\/wp-content\/uploads\/2023\/02\/20230204_133442-768x432.jpg 768w, https:\/\/hofre.pl\/wp-content\/uploads\/2023\/02\/20230204_133442-1536x865.jpg 1536w, https:\/\/hofre.pl\/wp-content\/uploads\/2023\/02\/20230204_133442-2048x1153.jpg 2048w\" sizes=\"auto, (max-width: 1024px) 100vw, 1024px\" \/><\/figure><div class=\"wp-block-media-text__content\">\n<p><\/p>\n\n\n\n<h2 class=\"wp-block-heading has-text-align-center\"><strong>Hofre to gwarancja najlepszych Us\u0142ug sprz\u0105taj\u0105cych w twoim Biurze<\/strong>.<\/h2>\n\n\n\n<p class=\"has-black-color has-text-color\">Tak\u0105 jest profesjonalna firma sprz\u0105taj\u0105ca Hofre. Nasza firma oferuje swoim klientom bardzo du\u017c\u0105 oraz szerok\u0105 gam\u0119 us\u0142ug porz\u0105dkowych. Utrzymanie czysto\u015bci w biurach przez sprz\u0105tanie biurowc\u00f3w ko\u0144cz\u0105c na myciu okien , lod\u00f3wki , piekarnika itp. Hofre Pozna\u0144 to gwarancja wysokiej jako\u015bci us\u0142ug cyklicznych ale tak\u017ce jednorazowych a\u017c po sprz\u0105tanie po remoncie czy budowie. Nasi pracownicy zadbaj\u0105 o pe\u0142ne oraz dok\u0142adne sprz\u0105tanie twoich pomieszcze\u0144 biurowych. Osoby porz\u0105dkowe dok\u0142adaj\u0105 wszelkich profesjonalnych stara\u0144 aby biuro wygl\u0105da\u0142o estetycznie, schludnie oraz by\u0142o perfekcyjnie czyste. Zadbamy o \u0142azienki, kuchnie, pokoje socjalne. Kompleksowe us\u0142ugi sprz\u0105taj\u0105ce w biurze Pozna\u0144 przez firm\u0119 hofre to gwarancja satysfakcji naszego klienta.<\/p>\n<\/div><\/div>\n\n\n\n<h2 class=\"wp-block-heading has-text-align-center has-black-color has-text-color has-link-color wp-elements-7071ba9d9dfa1ff88000f8fa3c32955b\">Wsp\u00f3\u0142pracuj\u0105c z firm\u0105 Hofre oszcz\u0119dzamy czas i Pieni\u0105dze. Firma sprz\u0105taj\u0105ca biura w Poznaniu<\/h2>\n\n\n\n<p><\/p>\n\n\n\n<p class=\"has-black-color has-text-color\">Wsp\u00f3\u0142praca z firm\u0105 Hofre to czysta przyjemno\u015b\u0107 . \u015awiadczymy us\u0142ugi sprz\u0105taj\u0105ce specjalizuj\u0105c si\u0119 w utrzymaniu czysto\u015bci biur. Posiadamy wszystkie niezb\u0119dne narz\u0119dzia sprz\u0105taj\u0105ce i \u015brodki czysto\u015bci do skutecznego oraz szybkiego sprz\u0105tania. W ramach naszej pracy otrzymujemy pachn\u0105ce pomieszczenia sprzeda\u017cowe i us\u0142ugowe. Wybierz Hofre dzi\u0119ki czemu pracownicy w twojej firmie nie b\u0119d\u0105 traci\u0107 czasu na sprz\u0105tanie, a pozwoli im skupi\u0107 si\u0119 na swoich g\u0142\u00f3wnych i najwa\u017cniejszych obowi\u0105zkach. Nasze us\u0142ugi porz\u0105dkowe Pozna\u0144 prze\u0142o\u017c\u0105 si\u0119 to na wi\u0119ksz\u0105 efektywno\u015b\u0107 pracy. Korzy\u015bci\u0105 b\u0119dzie lepsza sprzeda\u017c a ty zarobisz wi\u0119cej pieni\u0119dzy. Ponadto zatrudnienie takiej firmy sprz\u0105taj\u0105cej biura w Poznaniu Hofre poka\u017ce oszcz\u0119dno\u015b\u0107 pieni\u0119dzy, poniewa\u017c nie b\u0119dzie trzeba inwestowa\u0107 w sprz\u0119t oraz \u015br czysto\u015bci a tym bardziej w pracownika sprz\u0105taj\u0105cego. Profesjonalna firma sprz\u0105taj\u0105ca biura Pozna\u0144 \u015bwiadczy swoje us\u0142ugi na sprz\u0119cie marki <a href=\"https:\/\/www.kaercher.com\/pl\/\" target=\"_blank\" rel=\"noreferrer noopener\">Karcher<\/a> oraz zawsze jest wyposa\u017cona w \u015br. Czysto\u015bci marki <a href=\"https:\/\/www.clinex.com.pl\" target=\"_blank\" rel=\"noreferrer noopener\">Clinex<\/a>.<\/p>\n\n\n\n<p class=\"has-black-color has-text-color\">Pozna\u0144 firmy sprz\u0105taj\u0105ce biura wiedz\u0105 jak zadba\u0107 o czysto\u015b\u0107 twojego biura oraz o czyste okna w twoim przedsi\u0119biorstwie. Naturalny komfort pracy twojej za\u0142ogi zapewni Hofre z Poznania co za tym idzie oszcz\u0119dzimy czas i pieni\u0105dze.<\/p>\n\n\n<div class=\"wp-block-image\">\n<figure class=\"aligncenter size-large is-resized\"><img loading=\"lazy\" decoding=\"async\" width=\"1024\" height=\"577\" src=\"https:\/\/hofre.pl\/wp-content\/uploads\/2023\/02\/20230204_103855-1024x577.jpg\" alt=\"Firma sprz\u0105taj\u0105ca biura Pozna\u0144\" class=\"wp-image-813\" style=\"width:565px;height:318px\" srcset=\"https:\/\/hofre.pl\/wp-content\/uploads\/2023\/02\/20230204_103855-1024x577.jpg 1024w, https:\/\/hofre.pl\/wp-content\/uploads\/2023\/02\/20230204_103855-300x169.jpg 300w, https:\/\/hofre.pl\/wp-content\/uploads\/2023\/02\/20230204_103855-768x432.jpg 768w, https:\/\/hofre.pl\/wp-content\/uploads\/2023\/02\/20230204_103855-1536x865.jpg 1536w, https:\/\/hofre.pl\/wp-content\/uploads\/2023\/02\/20230204_103855-2048x1153.jpg 2048w\" sizes=\"auto, (max-width: 1024px) 100vw, 1024px\" \/><\/figure>\n<\/div>\n\n\n<p><\/p>\n\n\n\n<div class=\"wp-block-media-text alignwide is-stacked-on-mobile\" style=\"grid-template-columns:27% auto\"><figure class=\"wp-block-media-text__media\"><img loading=\"lazy\" decoding=\"async\" width=\"577\" height=\"1024\" src=\"https:\/\/hofre.pl\/wp-content\/uploads\/2023\/02\/20230218_121636-577x1024.jpg\" alt=\"Firma myj\u0105ca okna w biurze Pozna\u0144\" class=\"wp-image-816 size-full\" srcset=\"https:\/\/hofre.pl\/wp-content\/uploads\/2023\/02\/20230218_121636-577x1024.jpg 577w, https:\/\/hofre.pl\/wp-content\/uploads\/2023\/02\/20230218_121636-169x300.jpg 169w, https:\/\/hofre.pl\/wp-content\/uploads\/2023\/02\/20230218_121636-768x1364.jpg 768w, https:\/\/hofre.pl\/wp-content\/uploads\/2023\/02\/20230218_121636-865x1536.jpg 865w, https:\/\/hofre.pl\/wp-content\/uploads\/2023\/02\/20230218_121636-1153x2048.jpg 1153w, https:\/\/hofre.pl\/wp-content\/uploads\/2023\/02\/20230218_121636-scaled.jpg 1442w\" sizes=\"auto, (max-width: 577px) 100vw, 577px\" \/><\/figure><div class=\"wp-block-media-text__content\">\n<h3 class=\"wp-block-heading has-text-align-center\"><strong>Czyste biuro to czyste okna a najlepiej z firm\u0105 Hofre.<\/strong><\/h3>\n\n\n\n<p class=\"has-black-color has-text-color\">Poprawa jako\u015bci powietrza, przejrzysto\u015bci okien i lepszego samopoczucia to wa\u017cne zadanie, kt\u00f3re u\u0142atwi firma myj\u0105ca okna w biurach Pozna\u0144. <a href=\"https:\/\/hofre.pl\/index.php\/mycie-okien-poznan\/\" target=\"_blank\" rel=\"noreferrer noopener\">Mycie okien<\/a> w biurach Pozna\u0144 to idealne rozwi\u0105zanie dla wszystkich naszych obecnych oraz nowych klient\u00f3w chc\u0105cych utrzyma\u0107 swoje biuro oraz okna w czysto\u015bci i porz\u0105dku. Hofre to firma \u015bwiadcz\u0105ca kompleksowe i profesjonalne mycie okien w przedsi\u0119biorstwach.<\/p>\n\n\n\n<p class=\"has-black-color has-text-color\">Najlepsze do\u015bwietlenie to \u015bwiat\u0142o s\u0142oneczne a co za tym idzie du\u017ca dawka witaminy D . A jak wiadomo du\u017ca dawka wit. D to najlepsze zdrowie i samopoczucie twoich pracownik\u00f3w. Czyste okna to porz\u0105dek w miejscu pracy&nbsp;oraz \u015bwie\u017ce powietrze. Takie rozwi\u0105zanie to klucz do sukcesu i \u015bwiadczenia us\u0142ug dla jak najwi\u0119kszej ilo\u015bci twoich klient\u00f3w.&nbsp;<\/p>\n<\/div><\/div>\n\n\n\n<h2 class=\"wp-block-heading has-text-align-center has-black-color has-text-color has-link-color wp-elements-1bf186e246b05268946a219cf47f5b18\"><strong>Firma myj\u0105ca okna w Poznaniu<\/strong><\/h2>\n\n\n\n<p class=\"has-black-color has-text-color\">Zatrudniaj\u0105c firm\u0119 Hofre, mo\u017cna mie\u0107 pewno\u015b\u0107, \u017ce okna b\u0119d\u0105 czyste i b\u0142yszcz\u0105ce przez ca\u0142y Prze\u0142o\u017cy si\u0119 to na lepsze i bardziej profesjonalne wra\u017cenia w oczach naszych nowych oraz sta\u0142ych klient\u00f3w i oczywi\u015bcie twoich pracownik\u00f3w. Ponadto regularne mycie okien zapobiega powstawanie nowych i uporczywych plam oraz kurzu i osadu, kt\u00f3re potem b\u0119dzie trudno usun\u0105\u0107 . To wszystko sprawi \u017ce utrzymamy naturalne \u015bwiat\u0142o w pomieszczeniu w kt\u00f3rym pracujemy. Skorzystaj ju\u017c dzi\u015b z <a href=\"https:\/\/hofre.pl\/index.php\/firma-sprzatajaca-poznan-cennik\/\" target=\"_blank\" rel=\"noreferrer noopener\">cennika<\/a> us\u0142ug sprz\u0105taj\u0105cych oraz mycia okien. Nasza firma dopasuje oraz zaproponuje najlepsze rozwi\u0105zanie mycia okien Pozna\u0144. Czy b\u0119dzie to standardowe cykliczne czy jednorazowe mycie powierzchni szklanych w twoim biurze.<\/p>\n\n\n\n<h2 class=\"wp-block-heading has-text-align-center\"><strong>Podsumowanie mycie okien w biurze Pozna\u0144 od Hofre.pl, Firma sprz\u0105taj\u0105ca biura Pozna\u0144<\/strong><\/h2>\n\n\n\n<p class=\"has-text-align-center\"><strong>Dlaczego warto zatrudni\u0107 firm\u0119 sprz\u0105taj\u0105c\u0105 do umycia okien w biurze ? <\/strong><\/p>\n\n\n\n<p class=\"has-black-color has-text-color\">Podsumowuj\u0105c, firma myj\u0105ca okna w biurach to gwarancja wykonania us\u0142ug. Hofre.pl dostarcza wielu korzy\u015bci zar\u00f3wno dla porz\u0105dku w biurze , pomieszcze\u0144 socjalnych, czystych okien ale tak\u017ce dla pracuj\u0105cych tam os\u00f3b . Zatrudnienie profesjonalnej firmy sprz\u0105taj\u0105cej biura w Poznaniu\u00a0zapewnia nie tylko czyste, jasne okna ale tak\u017ce poprawia komfort pracy oraz poczucie bezpiecze\u0144stwa dla pracownik\u00f3w i twoich klient\u00f3w.<\/p>\n\n\n\n<h4 class=\"wp-block-heading has-text-align-center\"><strong>Co otrzymujesz wybieraj\u0105c us\u0142ugi sprz\u0105tania twojej firmy w Poznaniu i okolicach <\/strong><\/h4>\n\n\n\n<ul class=\"wp-block-list\">\n<li>Bie\u017c\u0105ce utrzymanie czysto\u015bci biura zakres prac<\/li>\n\n\n\n<li>Toalet (Mycie ubikacji, luster, front\u00f3w szafek, pod\u0142ogi, wytarcie kurzy, osadu z myd\u0142a, natrysku) \u00b7<\/li>\n\n\n\n<li>Kuchni (Mycie pod\u0142ogi, zlewu, p\u0142yta lub piecyk gazowy, p\u0142ytek nad umywalk\u0105 i piecem, front\u00f3w szafek i wszelkich innych zabrudze\u0144)<\/li>\n\n\n\n<li>Pomieszcze\u0144 biurowych oraz pomieszcze\u0144 socjalnych (Mycie i odkurzanie pod\u0142\u00f3g, wytarcie kurzy, biurek, element\u00f3w wystroju biura, wymiana work\u00f3w na \u015bmieci)<\/li>\n\n\n\n<li>Wycieranie \u0142atwo dost\u0119pnych lamp i drzwi z kurzu, \u015bci\u0105ganie paj\u0119czyn<\/li>\n\n\n\n<li>Zmycie i wytarcie niewielkiej ilo\u015bci naczy\u0144 oraz wy\u0142o\u017cenie naczy\u0144 ze zmywarki<\/li>\n\n\n\n<li>Bie\u017c\u0105ce utrzymanie czysto\u015bci powierzchni szklanych<\/li>\n\n\n\n<li>Mycie lod\u00f3wki 2x w roku oraz bie\u017c\u0105ca kontrola i wyrzucenie przeterminowanego po\u017cywienia<\/li>\n\n\n\n<li>Mycie i odkurzanie wsp\u00f3lnego korytarza<\/li>\n\n\n\n<li>Raz w roku mycie okien w biurze Pozna\u0144.<\/li>\n<\/ul>\n\n\n\n<h2 class=\"wp-block-heading has-text-align-center\">Jak wybra\u0107 najlepsza firm\u0119 sprz\u0105taj\u0105c\u0105 biura w Poznaniu?<\/h2>\n\n\n\n<p class=\"has-black-color has-text-color has-link-color wp-elements-5569137249c7a346c697de88b1fc94ba\">Wyb\u00f3r odpowiedniej firmy sprz\u0105taj\u0105cej powinien by\u0107 poprzedzony analiz\u0105 kilku kluczowych aspekt\u00f3w:<\/p>\n\n\n\n<p class=\"has-black-color has-text-color has-link-color wp-elements-aeb4d5ac0c880094e25962df191a99c3\"><strong>Ceny i elastyczno\u015b\u0107<\/strong> \u2013 najlepsza firma powinna dostosowa\u0107 ofert\u0119 do bud\u017cetu Twojej firmy.<\/p>\n\n\n\n<p class=\"has-black-color has-text-color has-link-color wp-elements-8fba9d3cd96b81d80ae66bf863024056\"><strong>Opinie i rekomendacje<\/strong> \u2013 sprawd\u017a recenzje innych firm, kt\u00f3re korzystaj\u0105 z us\u0142ug danej firmy sprz\u0105taj\u0105cej.<\/p>\n\n\n\n<p class=\"has-black-color has-text-color has-link-color wp-elements-fa55d38de781515089fd13ae8540288c\"><strong>Do\u015bwiadczenie i profesjonalizm<\/strong> \u2013 zwr\u00f3\u0107 uwag\u0119 na lata dzia\u0142alno\u015bci oraz certyfikaty potwierdzaj\u0105ce jako\u015b\u0107 us\u0142ug.<\/p>\n\n\n\n<p class=\"has-black-color has-text-color has-link-color wp-elements-9f1b169b634adeaeebe8643e14c009a6\"><strong>Zakres us\u0142ug<\/strong> \u2013 upewnij si\u0119, \u017ce firma oferuje wszystkie us\u0142ugi, kt\u00f3rych potrzebujesz.<\/p>\n\n\n\n<p class=\"has-black-color has-text-color\">Masz pytania? lub chcesz skorzysta\u0107 z naszych us\u0142ug? Skorzystaj z zak\u0142adki <a href=\"https:\/\/hofre.pl\/index.php\/firma-sprzatajaca-poznan-kontakt\/\" target=\"_blank\" rel=\"noreferrer noopener\">kontakt<\/a><\/p>\n\n\n<div class=\"wp-block-image\">\n<figure class=\"aligncenter size-large is-resized\"><img loading=\"lazy\" decoding=\"async\" width=\"1024\" height=\"310\" src=\"https:\/\/hofre.pl\/wp-content\/uploads\/2023\/02\/Hofre-Poznan-logo-1024x310.jpg\" alt=\"Firma sprz\u0105taj\u0105ca biura w Poznaniu\" class=\"wp-image-705\" style=\"width:331px;height:100px\" srcset=\"https:\/\/hofre.pl\/wp-content\/uploads\/2023\/02\/Hofre-Poznan-logo-1024x310.jpg 1024w, https:\/\/hofre.pl\/wp-content\/uploads\/2023\/02\/Hofre-Poznan-logo-300x91.jpg 300w, https:\/\/hofre.pl\/wp-content\/uploads\/2023\/02\/Hofre-Poznan-logo-768x233.jpg 768w, https:\/\/hofre.pl\/wp-content\/uploads\/2023\/02\/Hofre-Poznan-logo.jpg 1146w\" sizes=\"auto, (max-width: 1024px) 100vw, 1024px\" \/><\/figure>\n<\/div>","protected":false},"excerpt":{"rendered":"<p>Firma sprz\u0105taj\u0105ca biura Pozna\u0144 Posiadasz firm\u0119 w Poznaniu ? A mo\u017ce masz zamiar otworzy\u0107 firm\u0119 ? Maj\u0105c na uwadze te dwa zapytania musisz sobie odpowiedzie\u0107 na kolejne pytanie czy ja musze posiada\u0107 biuro oraz firm\u0119 sprz\u0105taj\u0105c\u0105, kt\u00f3ra to biuro utrzyma w jak najlepszym porz\u0105dku? Posiadanie firmy sprz\u0105taj\u0105cej w swoim biurze to obecnie niezb\u0119dna i konieczna [&hellip;]<\/p>\n","protected":false},"author":1,"featured_media":0,"parent":0,"menu_order":0,"comment_status":"closed","ping_status":"closed","template":"","meta":{"footnotes":""},"class_list":["post-800","page","type-page","status-publish","hentry"],"yoast_head":"<!-- This site is optimized with the Yoast SEO plugin v27.4 - https:\/\/yoast.com\/product\/yoast-seo-wordpress\/ -->\n<title>Firma sprz\u0105taj\u0105ca biura Pozna\u0144 - Hofre.pl sprz\u0105tanie biur Pozna\u0144<\/title>\n<meta name=\"description\" content=\"Firma sprz\u0105taj\u0105ca biura Pozna\u0144 Hofre to najlepszy wyb\u00f3r i najlepsze us\u0142ugi utrzymania czysto\u015bci i porz\u0105dku w twoim biurze na terenie Poznania i okolic\" \/>\n<meta name=\"robots\" content=\"index, follow, max-snippet:-1, max-image-preview:large, max-video-preview:-1\" \/>\n<link rel=\"canonical\" href=\"https:\/\/hofre.pl\/index.php\/firma-sprzatajaca-biura-poznan\/\" \/>\n<meta property=\"og:locale\" content=\"en_US\" \/>\n<meta property=\"og:type\" content=\"article\" \/>\n<meta property=\"og:title\" content=\"Firma sprz\u0105taj\u0105ca biura Pozna\u0144 - Hofre.pl sprz\u0105tanie biur Pozna\u0144\" \/>\n<meta property=\"og:description\" content=\"Firma sprz\u0105taj\u0105ca biura Pozna\u0144 Hofre to najlepszy wyb\u00f3r i najlepsze us\u0142ugi utrzymania czysto\u015bci i porz\u0105dku w twoim biurze na terenie Poznania i okolic\" \/>\n<meta property=\"og:url\" content=\"https:\/\/hofre.pl\/index.php\/firma-sprzatajaca-biura-poznan\/\" \/>\n<meta property=\"article:publisher\" content=\"https:\/\/www.facebook.com\/profile.php?id=100088584422656\" \/>\n<meta property=\"article:modified_time\" content=\"2025-03-11T11:09:52+00:00\" \/>\n<meta property=\"og:image\" content=\"https:\/\/hofre.pl\/wp-content\/uploads\/2023\/02\/20230204_133442-scaled.jpg\" \/>\n\t<meta property=\"og:image:width\" content=\"2560\" \/>\n\t<meta property=\"og:image:height\" content=\"1442\" \/>\n\t<meta property=\"og:image:type\" content=\"image\/jpeg\" \/>\n<meta name=\"twitter:card\" content=\"summary_large_image\" \/>\n<meta name=\"twitter:label1\" content=\"Est. reading time\" \/>\n\t<meta name=\"twitter:data1\" content=\"6 minutes\" \/>\n<script type=\"application\/ld+json\" class=\"yoast-schema-graph\">{\"@context\":\"https:\\\/\\\/schema.org\",\"@graph\":[{\"@type\":\"WebPage\",\"@id\":\"https:\\\/\\\/hofre.pl\\\/index.php\\\/firma-sprzatajaca-biura-poznan\\\/\",\"url\":\"https:\\\/\\\/hofre.pl\\\/index.php\\\/firma-sprzatajaca-biura-poznan\\\/\",\"name\":\"Firma sprz\u0105taj\u0105ca biura Pozna\u0144 - Hofre.pl sprz\u0105tanie biur Pozna\u0144\",\"isPartOf\":{\"@id\":\"https:\\\/\\\/hofre.pl\\\/#website\"},\"primaryImageOfPage\":{\"@id\":\"https:\\\/\\\/hofre.pl\\\/index.php\\\/firma-sprzatajaca-biura-poznan\\\/#primaryimage\"},\"image\":{\"@id\":\"https:\\\/\\\/hofre.pl\\\/index.php\\\/firma-sprzatajaca-biura-poznan\\\/#primaryimage\"},\"thumbnailUrl\":\"https:\\\/\\\/hofre.pl\\\/wp-content\\\/uploads\\\/2023\\\/02\\\/20230204_133442-1024x577.jpg\",\"datePublished\":\"2023-02-19T12:31:41+00:00\",\"dateModified\":\"2025-03-11T11:09:52+00:00\",\"description\":\"Firma sprz\u0105taj\u0105ca biura Pozna\u0144 Hofre to najlepszy wyb\u00f3r i najlepsze us\u0142ugi utrzymania czysto\u015bci i porz\u0105dku w twoim biurze na terenie Poznania i okolic\",\"breadcrumb\":{\"@id\":\"https:\\\/\\\/hofre.pl\\\/index.php\\\/firma-sprzatajaca-biura-poznan\\\/#breadcrumb\"},\"inLanguage\":\"en-US\",\"potentialAction\":[{\"@type\":\"ReadAction\",\"target\":[\"https:\\\/\\\/hofre.pl\\\/index.php\\\/firma-sprzatajaca-biura-poznan\\\/\"]}]},{\"@type\":\"ImageObject\",\"inLanguage\":\"en-US\",\"@id\":\"https:\\\/\\\/hofre.pl\\\/index.php\\\/firma-sprzatajaca-biura-poznan\\\/#primaryimage\",\"url\":\"https:\\\/\\\/hofre.pl\\\/wp-content\\\/uploads\\\/2023\\\/02\\\/20230204_133442-scaled.jpg\",\"contentUrl\":\"https:\\\/\\\/hofre.pl\\\/wp-content\\\/uploads\\\/2023\\\/02\\\/20230204_133442-scaled.jpg\",\"width\":2560,\"height\":1442},{\"@type\":\"BreadcrumbList\",\"@id\":\"https:\\\/\\\/hofre.pl\\\/index.php\\\/firma-sprzatajaca-biura-poznan\\\/#breadcrumb\",\"itemListElement\":[{\"@type\":\"ListItem\",\"position\":1,\"name\":\"Strona g\u0142\u00f3wna\",\"item\":\"https:\\\/\\\/hofre.pl\\\/\"},{\"@type\":\"ListItem\",\"position\":2,\"name\":\"Firma sprz\u0105taj\u0105ca biura Pozna\u0144\"}]},{\"@type\":\"WebSite\",\"@id\":\"https:\\\/\\\/hofre.pl\\\/#website\",\"url\":\"https:\\\/\\\/hofre.pl\\\/\",\"name\":\"Firma sprz\u0105taj\u0105ca Pozna\u0144 Hofre\",\"description\":\"\",\"publisher\":{\"@id\":\"https:\\\/\\\/hofre.pl\\\/#organization\"},\"alternateName\":\"Firma sprz\u0105taj\u0105ca z Poznania\",\"potentialAction\":[{\"@type\":\"SearchAction\",\"target\":{\"@type\":\"EntryPoint\",\"urlTemplate\":\"https:\\\/\\\/hofre.pl\\\/?s={search_term_string}\"},\"query-input\":{\"@type\":\"PropertyValueSpecification\",\"valueRequired\":true,\"valueName\":\"search_term_string\"}}],\"inLanguage\":\"en-US\"},{\"@type\":\"Organization\",\"@id\":\"https:\\\/\\\/hofre.pl\\\/#organization\",\"name\":\"Firma sprz\u0105taj\u0105ca Pozna\u0144 Hofre\",\"url\":\"https:\\\/\\\/hofre.pl\\\/\",\"logo\":{\"@type\":\"ImageObject\",\"inLanguage\":\"en-US\",\"@id\":\"https:\\\/\\\/hofre.pl\\\/#\\\/schema\\\/logo\\\/image\\\/\",\"url\":\"https:\\\/\\\/hofre.pl\\\/wp-content\\\/uploads\\\/2023\\\/02\\\/cropped-Hofre-Poznan-logo.jpg\",\"contentUrl\":\"https:\\\/\\\/hofre.pl\\\/wp-content\\\/uploads\\\/2023\\\/02\\\/cropped-Hofre-Poznan-logo.jpg\",\"width\":825,\"height\":250,\"caption\":\"Firma sprz\u0105taj\u0105ca Pozna\u0144 Hofre\"},\"image\":{\"@id\":\"https:\\\/\\\/hofre.pl\\\/#\\\/schema\\\/logo\\\/image\\\/\"},\"sameAs\":[\"https:\\\/\\\/www.facebook.com\\\/profile.php?id=100088584422656\",\"https:\\\/\\\/www.instagram.com\\\/firma_sprzatajaca_poznan_hofre\\\/\"]}]}<\/script>\n<!-- \/ Yoast SEO plugin. -->","yoast_head_json":{"title":"Firma sprz\u0105taj\u0105ca biura Pozna\u0144 - Hofre.pl sprz\u0105tanie biur Pozna\u0144","description":"Firma sprz\u0105taj\u0105ca biura Pozna\u0144 Hofre to najlepszy wyb\u00f3r i najlepsze us\u0142ugi utrzymania czysto\u015bci i porz\u0105dku w twoim biurze na terenie Poznania i okolic","robots":{"index":"index","follow":"follow","max-snippet":"max-snippet:-1","max-image-preview":"max-image-preview:large","max-video-preview":"max-video-preview:-1"},"canonical":"https:\/\/hofre.pl\/index.php\/firma-sprzatajaca-biura-poznan\/","og_locale":"en_US","og_type":"article","og_title":"Firma sprz\u0105taj\u0105ca biura Pozna\u0144 - Hofre.pl sprz\u0105tanie biur Pozna\u0144","og_description":"Firma sprz\u0105taj\u0105ca biura Pozna\u0144 Hofre to najlepszy wyb\u00f3r i najlepsze us\u0142ugi utrzymania czysto\u015bci i porz\u0105dku w twoim biurze na terenie Poznania i okolic","og_url":"https:\/\/hofre.pl\/index.php\/firma-sprzatajaca-biura-poznan\/","article_publisher":"https:\/\/www.facebook.com\/profile.php?id=100088584422656","article_modified_time":"2025-03-11T11:09:52+00:00","og_image":[{"width":2560,"height":1442,"url":"https:\/\/hofre.pl\/wp-content\/uploads\/2023\/02\/20230204_133442-scaled.jpg","type":"image\/jpeg"}],"twitter_card":"summary_large_image","twitter_misc":{"Est. reading time":"6 minutes"},"schema":{"@context":"https:\/\/schema.org","@graph":[{"@type":"WebPage","@id":"https:\/\/hofre.pl\/index.php\/firma-sprzatajaca-biura-poznan\/","url":"https:\/\/hofre.pl\/index.php\/firma-sprzatajaca-biura-poznan\/","name":"Firma sprz\u0105taj\u0105ca biura Pozna\u0144 - Hofre.pl sprz\u0105tanie biur Pozna\u0144","isPartOf":{"@id":"https:\/\/hofre.pl\/#website"},"primaryImageOfPage":{"@id":"https:\/\/hofre.pl\/index.php\/firma-sprzatajaca-biura-poznan\/#primaryimage"},"image":{"@id":"https:\/\/hofre.pl\/index.php\/firma-sprzatajaca-biura-poznan\/#primaryimage"},"thumbnailUrl":"https:\/\/hofre.pl\/wp-content\/uploads\/2023\/02\/20230204_133442-1024x577.jpg","datePublished":"2023-02-19T12:31:41+00:00","dateModified":"2025-03-11T11:09:52+00:00","description":"Firma sprz\u0105taj\u0105ca biura Pozna\u0144 Hofre to najlepszy wyb\u00f3r i najlepsze us\u0142ugi utrzymania czysto\u015bci i porz\u0105dku w twoim biurze na terenie Poznania i okolic","breadcrumb":{"@id":"https:\/\/hofre.pl\/index.php\/firma-sprzatajaca-biura-poznan\/#breadcrumb"},"inLanguage":"en-US","potentialAction":[{"@type":"ReadAction","target":["https:\/\/hofre.pl\/index.php\/firma-sprzatajaca-biura-poznan\/"]}]},{"@type":"ImageObject","inLanguage":"en-US","@id":"https:\/\/hofre.pl\/index.php\/firma-sprzatajaca-biura-poznan\/#primaryimage","url":"https:\/\/hofre.pl\/wp-content\/uploads\/2023\/02\/20230204_133442-scaled.jpg","contentUrl":"https:\/\/hofre.pl\/wp-content\/uploads\/2023\/02\/20230204_133442-scaled.jpg","width":2560,"height":1442},{"@type":"BreadcrumbList","@id":"https:\/\/hofre.pl\/index.php\/firma-sprzatajaca-biura-poznan\/#breadcrumb","itemListElement":[{"@type":"ListItem","position":1,"name":"Strona g\u0142\u00f3wna","item":"https:\/\/hofre.pl\/"},{"@type":"ListItem","position":2,"name":"Firma sprz\u0105taj\u0105ca biura Pozna\u0144"}]},{"@type":"WebSite","@id":"https:\/\/hofre.pl\/#website","url":"https:\/\/hofre.pl\/","name":"Firma sprz\u0105taj\u0105ca Pozna\u0144 Hofre","description":"","publisher":{"@id":"https:\/\/hofre.pl\/#organization"},"alternateName":"Firma sprz\u0105taj\u0105ca z Poznania","potentialAction":[{"@type":"SearchAction","target":{"@type":"EntryPoint","urlTemplate":"https:\/\/hofre.pl\/?s={search_term_string}"},"query-input":{"@type":"PropertyValueSpecification","valueRequired":true,"valueName":"search_term_string"}}],"inLanguage":"en-US"},{"@type":"Organization","@id":"https:\/\/hofre.pl\/#organization","name":"Firma sprz\u0105taj\u0105ca Pozna\u0144 Hofre","url":"https:\/\/hofre.pl\/","logo":{"@type":"ImageObject","inLanguage":"en-US","@id":"https:\/\/hofre.pl\/#\/schema\/logo\/image\/","url":"https:\/\/hofre.pl\/wp-content\/uploads\/2023\/02\/cropped-Hofre-Poznan-logo.jpg","contentUrl":"https:\/\/hofre.pl\/wp-content\/uploads\/2023\/02\/cropped-Hofre-Poznan-logo.jpg","width":825,"height":250,"caption":"Firma sprz\u0105taj\u0105ca Pozna\u0144 Hofre"},"image":{"@id":"https:\/\/hofre.pl\/#\/schema\/logo\/image\/"},"sameAs":["https:\/\/www.facebook.com\/profile.php?id=100088584422656","https:\/\/www.instagram.com\/firma_sprzatajaca_poznan_hofre\/"]}]}},"jetpack_sharing_enabled":true,"_links":{"self":[{"href":"https:\/\/hofre.pl\/index.php\/wp-json\/wp\/v2\/pages\/800","targetHints":{"allow":["GET"]}}],"collection":[{"href":"https:\/\/hofre.pl\/index.php\/wp-json\/wp\/v2\/pages"}],"about":[{"href":"https:\/\/hofre.pl\/index.php\/wp-json\/wp\/v2\/types\/page"}],"author":[{"embeddable":true,"href":"https:\/\/hofre.pl\/index.php\/wp-json\/wp\/v2\/users\/1"}],"replies":[{"embeddable":true,"href":"https:\/\/hofre.pl\/index.php\/wp-json\/wp\/v2\/comments?post=800"}],"version-history":[{"count":39,"href":"https:\/\/hofre.pl\/index.php\/wp-json\/wp\/v2\/pages\/800\/revisions"}],"predecessor-version":[{"id":1641,"href":"https:\/\/hofre.pl\/index.php\/wp-json\/wp\/v2\/pages\/800\/revisions\/1641"}],"wp:attachment":[{"href":"https:\/\/hofre.pl\/index.php\/wp-json\/wp\/v2\/media?parent=800"}],"curies":[{"name":"wp","href":"https:\/\/api.w.org\/{rel}","templated":true}]}}