{"id":530,"date":"2023-01-24T13:35:40","date_gmt":"2023-01-24T13:35:40","guid":{"rendered":"https:\/\/hofre.pl\/?page_id=530"},"modified":"2024-11-26T12:23:27","modified_gmt":"2024-11-26T12:23:27","slug":"sprzatanie-biur-w-poznaniu-qa","status":"publish","type":"page","link":"https:\/\/hofre.pl\/index.php\/sprzatanie-biur-w-poznaniu-qa\/","title":{"rendered":"Sprz\u0105tanie biur w Poznaniu Q&#038;A"},"content":{"rendered":"\n<h1 class=\"wp-block-heading has-text-align-center has-black-color has-text-color has-link-color wp-elements-bbc694f1077afb1f9ed1b4b34d0df933\"><strong>Firma sprz\u0105taj\u0105ca biura w Poznaniu najcz\u0119\u015bciej zadawane pytania.<\/strong><\/h1>\n\n\n\n<p><\/p>\n\n\n\n<h4 class=\"wp-block-heading\"><strong>Czy firma sprz\u0105taj\u0105ca z Poznania Hofre sprz\u0105ta Biura?<\/strong><\/h4>\n\n\n\n<p><\/p>\n\n\n\n<p class=\"has-black-color has-text-color\">Tak sprz\u0105tamy biura na terenie Poznania i okolic<\/p>\n\n\n\n<h4 class=\"wp-block-heading\"><strong>Na jakim <a href=\"https:\/\/hofre.pl\/index.php\/zasiegi-firmy-sprzatajacej-z-poznania\/\" target=\"_blank\" rel=\"noreferrer noopener\">obszarze <\/a>firma Hofre sprz\u0105ta biura?<\/strong><\/h4>\n\n\n\n<p><\/p>\n\n\n\n<p class=\"has-black-color has-text-color\">Sprz\u0105tamy jak wspomnieli\u015bmy wcze\u015bniej na terenie Poznania i ca\u0142ym powiecie pozna\u0144skim do 35KM<\/p>\n\n\n\n<h4 class=\"wp-block-heading\"><strong>Je\u015bli mam biuro dalej jak 35 Km to czy mog\u0119 skorzysta\u0107 z us\u0142ug profesjonalnej firmy sprz\u0105taj\u0105cej?<\/strong><\/h4>\n\n\n\n<p><\/p>\n\n\n\n<p class=\"has-black-color has-text-color\">Tak cena w takim przypadku jest ustalana indywidualnie. Natomiast je\u017celi mamy oko\u0142o 3-6 km wi\u0119cej od wcze\u015bniej ustalonego limitu kilometr\u00f3w nie pobieramy \u017cadnej dodatkowej op\u0142aty. <\/p>\n\n\n\n<h4 class=\"wp-block-heading\"><strong>Ile kosztuje dojazd poza wyznaczony obszar?<\/strong><\/h4>\n\n\n\n<p><\/p>\n\n\n\n<p class=\"has-black-color has-text-color\">To zale\u017cy od po\u0142o\u017cenia lokalizacji biura kt\u00f3re musimy utrzyma\u0107 w czysto\u015bci oraz wielko\u015bci. Standardowo od 3z\u0142 za 1Km poza obszarem wyznaczonym . <\/p>\n\n\n\n<h4 class=\"wp-block-heading\"><strong>Jak du\u017ce biura sprz\u0105tacie?<\/strong><\/h4>\n\n\n\n<p><\/p>\n\n\n\n<p class=\"has-black-color has-text-color\">Sprz\u0105tamy biura na terenie Poznania i okolic od 55m2 do 300m2 zgodnie z <a href=\"https:\/\/hofre.pl\/index.php\/firma-sprzatajaca-poznan-cennik\/\">cennikiem<\/a><\/p>\n\n\n\n<h4 class=\"wp-block-heading\"><strong>Je\u015bli moje biuro ma wi\u0119cej jak 300m2 to mog\u0119 skorzysta\u0107 z oferty profesjonalnej firmy sprz\u0105taj\u0105cej z Poznania?<\/strong><\/h4>\n\n\n\n<p class=\"has-black-color has-text-color\">Tak jeste\u015bmy elastyczni dla ka\u017cdego klienta, kt\u00f3ry jest zainteresowany naszymi us\u0142ugami sprz\u0105tania biur oraz mycia okien.<\/p>\n\n\n\n<h4 class=\"wp-block-heading\"><strong>Ile <a href=\"https:\/\/hofre.pl\/index.php\/firma-sprzatajaca-poznan-cennik\/\" target=\"_blank\" rel=\"noreferrer noopener\">kosztuje<\/a> sprz\u0105tanie biura powy\u017cej 300m2<\/strong><\/h4>\n\n\n\n<p><\/p>\n\n\n\n<p class=\"has-black-color has-text-color\">To zale\u017cy od wielu czynnik\u00f3w: <\/p>\n\n\n\n<ul class=\"wp-block-list\">\n<li>Ilo\u015b\u0107 pracownik\u00f3w zatrudnionych w firmie <\/li>\n\n\n\n<li>Cz\u0119stotliwo\u015b\u0107 wykonywania us\u0142ug sprz\u0105taj\u0105cych <\/li>\n\n\n\n<li>Stopnia zabrudzenia powierzchni w pa\u0144stwa biurze<\/li>\n\n\n\n<li>Ilo\u015bci oraz wielko\u015bci powierzchni szklanych<\/li>\n\n\n\n<li>Rodzaju i ilo\u015bci potrzebnych \u015brodk\u00f3w czysto\u015bci oraz materia\u0142\u00f3w eksploatacyjnych<\/li>\n<\/ul>\n\n\n\n<p class=\"has-black-color has-text-color\">Najcz\u0119\u015bciej biura powy\u017cej 300m2 s\u0105 wyceniane indywidualnie na bezp\u0142atnym spotkaniu z klientem. <\/p>\n\n\n\n<h4 class=\"wp-block-heading\"><strong>Czy posiadaj\u0105c biuro mi\u0119dzy 55-300m2 te\u017c musz\u0119 si\u0119 um\u00f3wi\u0107 na spotkanie?<\/strong><\/h4>\n\n\n\n<p><\/p>\n\n\n\n<p class=\"has-black-color has-text-color\">Nie nie trzeba ale informujemy klienta, \u017ce wycena przez telefon, e-mail jest wst\u0119pna a cena ko\u0144cowa mo\u017ce si\u0119 zmieni\u0107 przy podpisaniu umowy. <\/p>\n\n\n\n<h4 class=\"wp-block-heading\"><strong>Czy sprz\u0105taj\u0105 pa\u0144stwa biura w Poznaniu podczas pracy firmy?<\/strong><\/h4>\n\n\n\n<p><\/p>\n\n\n\n<p class=\"has-black-color has-text-color\">Tak natomiast informujemy klienta, \u017ce zadanie jest utrudnione i efekt ko\u0144cowy mo\u017ce nie by\u0107 wsp\u00f3\u0142mierny z prac\u0105 jak\u0105 wykonali\u015bmy na rzecz klienta. <\/p>\n\n\n\n<h4 class=\"wp-block-heading\"><strong>Czy mog\u0119 podpisa\u0107 z firma sprz\u0105taj\u0105ca umow\u0119 i zostawi\u0107 wam klucze oraz kod do systemu alarmowego<\/strong><\/h4>\n\n\n\n<p><\/p>\n\n\n\n<p class=\"has-black-color has-text-color\">Tak jak najbardziej. Zazwyczaj prosimy o tego typu form\u0119 utrzymania czysto\u015bci biur dla naszych klient\u00f3w. Pozwala to nam na \u015bwiadczenie us\u0142ug w jak najlepszej formie oraz jako\u015bci. <\/p>\n\n\n\n<h4 class=\"wp-block-heading\"><strong>Je\u015bli zostawi\u0119 klucze firmie sprz\u0105taj\u0105cej to kto b\u0119dzie przychodzi\u0142?<\/strong><\/h4>\n\n\n\n<p><\/p>\n\n\n\n<p class=\"has-black-color has-text-color\">Firma sprz\u0105taj\u0105ca biura na terenie Poznania oraz okolic dok\u0142ada wszelkich stara\u0144 by jako\u015b\u0107 us\u0142ug by\u0142a wykonywana w pe\u0142ni profesjonalnie. Osoby zatrudnione w naszej firmie maj\u0105 odpowiednie klauzule poufno\u015bci oraz wpisane do umowy ryzyko ze zgubieniem kluczy i przekazania danych wra\u017cliwych osobom trzecim . Nikt z poza firmy nie dostanie si\u0119 do pa\u0144stwa bur a dodatkowo us\u0142uga jest ubezpieczona na 200 tys z\u0142. <\/p>\n\n\n\n<h4 class=\"wp-block-heading\"><strong>Jak d\u0142ugo sprz\u0105taj\u0105 pa\u0144stwo wyznaczone zadanie w biurze?<\/strong><\/h4>\n\n\n\n<p class=\"has-black-color has-text-color\">To zale\u017cy od wielu czynnik\u00f3w. <\/p>\n\n\n\n<ul class=\"wp-block-list\">\n<li>Wielko\u015bci biura<\/li>\n\n\n\n<li>Ilo\u015b\u0107 pracownik\u00f3w zatrudnionych w firmie <\/li>\n\n\n\n<li>Cz\u0119stotliwo\u015b\u0107 wykonywania us\u0142ug sprz\u0105taj\u0105cych <\/li>\n\n\n\n<li>Stopnia zabrudzenia powierzchni w pa\u0144stwa biurze<\/li>\n\n\n\n<li>Ilo\u015bci oraz wielko\u015bci powierzchni szklanych<\/li>\n\n\n\n<li>Rodzaju i ilo\u015bci potrzebnych \u015brodk\u00f3w czysto\u015bci oraz materia\u0142\u00f3w eksploatacyjnych<\/li>\n<\/ul>\n\n\n\n<p class=\"has-black-color has-text-color\">Standardowo us\u0142ug\u0119 dla wielko\u015bci biura 100m2 jedna osoba wykonuje do 2 h. <\/p>\n\n\n\n<h4 class=\"wp-block-heading\"><strong>Mam biuro o wielko\u015bci 150m2 ile zgodnie z waszym harmonogramem mo\u017ce trwa\u0107 sprz\u0105taniu biura w Poznaniu?<\/strong><\/h4>\n\n\n\n<p><\/p>\n\n\n\n<p class=\"has-black-color has-text-color\">Biuro o wielko\u015bci 150m2 sprz\u0105ta jedna osoba oko\u0142o 3h je\u015bli zadania nie wymagaj\u0105 dodatkowych czynno\u015bci .<\/p>\n\n\n\n<h4 class=\"wp-block-heading\"><strong>Co wchodzi w sk\u0142ad sprz\u0105tania biura w Poznaniu?<\/strong><\/h4>\n\n\n\n<p><\/p>\n\n\n\n<p class=\"has-black-color has-text-color\">Jest to wed\u0142ug listy : <\/p>\n\n\n\n<ul class=\"wp-block-list\">\n<li>toalet (Mycie ubikacji, luster, front\u00f3w szafek, pod\u0142ogi, wytarcie kurzy, osadu z myd\u0142a, natrysku)<\/li>\n\n\n\n<li>kuchni (Mycie pod\u0142ogi, zlewu, p\u0142yta lub piecyk gazowy, p\u0142ytek nad umywalk\u0105 i piecem, front\u00f3w szafek i wszelkich innych zabrudze\u0144)<\/li>\n\n\n\n<li>Pomieszcze\u0144 biurowych i socjalnych (Mycie i odkurzanie pod\u0142\u00f3g, wytarcie kurzy, biurek, element\u00f3w wystroju biura, work\u00f3w na \u015bmieci)<\/li>\n\n\n\n<li>wycieranie \u0142atwo dost\u0119pnych lamp i drzwi z kurzu, \u015bci\u0105ganie paj\u0119czyn<\/li>\n\n\n\n<li>zmycie i wytarcie niewielkiej ilo\u015bci naczy\u0144<\/li>\n\n\n\n<li>Bie\u017c\u0105ce utrzymanie czysto\u015bci powierzchni szklanych<\/li>\n\n\n\n<li>Mycie lod\u00f3wki 2x w roku oraz bie\u017c\u0105ca kontrola i wyrzucenie przeterminowanego po\u017cywienia<\/li>\n\n\n\n<li>1x w roku mycie okien w cenie<\/li>\n\n\n\n<li>Uzupe\u0142nianie \u015brodk\u00f3w higienicznych<\/li>\n<\/ul>\n\n\n\n<h4 class=\"wp-block-heading\"><strong>Czy musz\u0119 firmie sprz\u0105taj\u0105cej udost\u0119pni\u0107 jaki\u015b towar lub sprz\u0119t?<\/strong><\/h4>\n\n\n\n<p><\/p>\n\n\n\n<p class=\"has-black-color has-text-color\">Sprz\u0119t oraz \u015br. czysto\u015bci s\u0105 w cenie natomiast materia\u0142y higieniczne takie jak papier toaletowy, r\u0119czniki papierowe, myd\u0142o prosimy o zakup lub negocjujemy koszt dostawy przez nas. <\/p>\n\n\n\n<h4 class=\"wp-block-heading\"><strong>Czy musz\u0119 w jaki\u015b spos\u00f3b przygotowa\u0107 biuro do us\u0142ug sprz\u0105taj\u0105cych?<\/strong><\/h4>\n\n\n\n<p><\/p>\n\n\n\n<p class=\"has-black-color has-text-color\">Przy podpisaniu umowy prosimy o uprz\u0105tni\u0119cie swoich prywatnych rzeczy oraz u\u0142o\u017cenie dokument\u00f3w tak aby je swobodnie podnie\u015b\u0107 i wykona\u0107 zadanie. <\/p>\n\n\n\n<h4 class=\"wp-block-heading\"><strong>Kiedy myj\u0105 pa\u0144stwo lod\u00f3wk\u0119 w biurze?<\/strong><\/h4>\n\n\n\n<p><\/p>\n\n\n\n<p class=\"has-black-color has-text-color\">Ustalamy termin z klientem oraz prosimy o wys\u0142anie do wszystkich pracownik\u00f3w na dwa tygodnie przed wyznaczonym zadaniem informacj\u0119 aby pracownicy opr\u00f3\u017cnili ca\u0142\u0105 lod\u00f3wk\u0119 ze swojego jedzenia. <\/p>\n\n\n\n<h4 class=\"wp-block-heading\"><strong>Je\u015bli pracownik nie zabierze swojego jedzenia przed myciem lod\u00f3wki w biurze?<\/strong><\/h4>\n\n\n\n<p><\/p>\n\n\n\n<p class=\"has-black-color has-text-color\">Je\u015bli widzimy \u017ce dany towar ma termin przydatno\u015bci i jest dobrze zapakowany to go nie wyrzucimy w innym przypadku wszystko to co nie jest opisane wyrzucamy do kosza. <\/p>\n\n\n\n<h4 class=\"wp-block-heading\"><strong>Jak ustalaj\u0105 pa\u0144stwo <a href=\"https:\/\/hofre.pl\/index.php\/mycie-okien-w-poznaniu-qa\/\" target=\"_blank\" rel=\"noreferrer noopener\">mycie okien<\/a> w <a href=\"https:\/\/hofre.pl\/index.php\/sprzatanie-biur-w-poznaniu-qa\/\" target=\"_blank\" rel=\"noreferrer noopener\">biurze <\/a>na terenie Poznania i okolic?<\/strong><\/h4>\n\n\n\n<p><\/p>\n\n\n\n<p class=\"has-black-color has-text-color\">Ustalamy wcze\u015bniej przy podpisaniu umowy kiedy okna b\u0119d\u0105 myte. Dodatkowo przypominamy klientowi na dwa tygodnie przed myciem okien oraz prosimy o przygotowanie biura.<\/p>\n\n\n\n<h4 class=\"wp-block-heading\"><strong>Czy posiadaj\u0105 pa\u0144stwo w\u0142asn\u0105 umow\u0119 o \u015bwiadczenie us\u0142ug sprz\u0105taj\u0105cych biura czy musimy mie\u0107 w\u0142asn\u0105?<\/strong><\/h4>\n\n\n\n<p><\/p>\n\n\n\n<p class=\"has-black-color has-text-color\">Jeste\u015bmy w pe\u0142ni przygotowani w umowy dla ka\u017cdego rodzaju us\u0142ug sprz\u0105taj\u0105cych biuro, dom, mycie okien oraz mieszkanie.<\/p>\n\n\n\n<h4 class=\"wp-block-heading\"><strong>Czy wystawiaj\u0105 pa\u0144stwo faktury Vat na us\u0142ugi sprz\u0105taj\u0105ce w Biurach?<\/strong><\/h4>\n\n\n\n<p><\/p>\n\n\n\n<p class=\"has-black-color has-text-color\">Tak oczywi\u015bcie.<\/p>\n\n\n\n<h4 class=\"wp-block-heading\"><strong>Firma sprz\u0105taj\u0105ca biura w Poznaniu by\u0142a to paczka najcz\u0119\u015bciej zadawanych pyta\u0144 dla naszej ekipy.<\/strong><\/h4>\n\n\n\n<figure class=\"wp-block-gallery has-nested-images columns-default is-cropped wp-block-gallery-1 is-layout-flex wp-block-gallery-is-layout-flex\">\n<figure class=\"wp-block-image size-large is-style-rounded\"><img loading=\"lazy\" decoding=\"async\" width=\"1024\" height=\"577\" data-id=\"867\" src=\"https:\/\/hofre.pl\/wp-content\/uploads\/2023\/02\/20230204_133442-2-1024x577.jpg\" alt=\"Czy sprz\u0105tacie biura w Poznaniu ? \" class=\"wp-image-867\" srcset=\"https:\/\/hofre.pl\/wp-content\/uploads\/2023\/02\/20230204_133442-2-1024x577.jpg 1024w, https:\/\/hofre.pl\/wp-content\/uploads\/2023\/02\/20230204_133442-2-300x169.jpg 300w, https:\/\/hofre.pl\/wp-content\/uploads\/2023\/02\/20230204_133442-2-768x432.jpg 768w, https:\/\/hofre.pl\/wp-content\/uploads\/2023\/02\/20230204_133442-2-1536x865.jpg 1536w, https:\/\/hofre.pl\/wp-content\/uploads\/2023\/02\/20230204_133442-2-2048x1153.jpg 2048w\" sizes=\"auto, (max-width: 1024px) 100vw, 1024px\" \/><\/figure>\n\n\n\n<figure class=\"wp-block-image size-large is-style-rounded\"><img loading=\"lazy\" decoding=\"async\" width=\"1024\" height=\"577\" data-id=\"813\" src=\"https:\/\/hofre.pl\/wp-content\/uploads\/2023\/02\/20230204_103855-1024x577.jpg\" alt=\"Us\u0142ugi porz\u0105dkowe firm Pozna\u0144. Czy \u015biwadczycie us\u0142ugi sprzataj\u0105ce dla biur\" class=\"wp-image-813\" srcset=\"https:\/\/hofre.pl\/wp-content\/uploads\/2023\/02\/20230204_103855-1024x577.jpg 1024w, https:\/\/hofre.pl\/wp-content\/uploads\/2023\/02\/20230204_103855-300x169.jpg 300w, https:\/\/hofre.pl\/wp-content\/uploads\/2023\/02\/20230204_103855-768x432.jpg 768w, https:\/\/hofre.pl\/wp-content\/uploads\/2023\/02\/20230204_103855-1536x865.jpg 1536w, https:\/\/hofre.pl\/wp-content\/uploads\/2023\/02\/20230204_103855-2048x1153.jpg 2048w\" sizes=\"auto, (max-width: 1024px) 100vw, 1024px\" \/><\/figure>\n\n\n\n<figure class=\"wp-block-image size-large is-style-rounded\"><img loading=\"lazy\" decoding=\"async\" width=\"1009\" height=\"997\" data-id=\"745\" src=\"https:\/\/hofre.pl\/wp-content\/uploads\/2023\/02\/uslugi-porzadkowe-poznan.jpg\" alt=\"Jak sprz\u0105tacie biura w Poznaniu?\" class=\"wp-image-745\" srcset=\"https:\/\/hofre.pl\/wp-content\/uploads\/2023\/02\/uslugi-porzadkowe-poznan.jpg 1009w, https:\/\/hofre.pl\/wp-content\/uploads\/2023\/02\/uslugi-porzadkowe-poznan-300x296.jpg 300w, https:\/\/hofre.pl\/wp-content\/uploads\/2023\/02\/uslugi-porzadkowe-poznan-768x759.jpg 768w, https:\/\/hofre.pl\/wp-content\/uploads\/2023\/02\/uslugi-porzadkowe-poznan-100x100.jpg 100w\" sizes=\"auto, (max-width: 1009px) 100vw, 1009px\" \/><\/figure>\n<\/figure>\n\n\n\n<p><a href=\"http:\/\/www.clinex.com.pl\" target=\"_blank\" rel=\"noreferrer noopener\">Clinex <\/a>, <a href=\"https:\/\/www.kaercher.com\" target=\"_blank\" rel=\"noreferrer noopener\">karcher<\/a><\/p>\n\n\n\n<h4 class=\"wp-block-heading\"><strong>Masz kolejne pytania do naszej Pozna\u0144 firma sprz\u0105taj\u0105ca?<\/strong><\/h4>\n\n\n\n<p class=\"has-black-color has-text-color has-link-color wp-elements-f644b5aca91232065a4137c653abfe98\">Wy\u015blij wiadomo\u015b\u0107 kontakt@hofre.pl<\/p>\n\n\n\n<p><\/p>\n","protected":false},"excerpt":{"rendered":"<p>Firma sprz\u0105taj\u0105ca biura w Poznaniu najcz\u0119\u015bciej zadawane pytania. Czy firma sprz\u0105taj\u0105ca z Poznania Hofre sprz\u0105ta Biura? Tak sprz\u0105tamy biura na terenie Poznania i okolic Na jakim obszarze firma Hofre sprz\u0105ta biura? Sprz\u0105tamy jak wspomnieli\u015bmy wcze\u015bniej na terenie Poznania i ca\u0142ym powiecie pozna\u0144skim do 35KM Je\u015bli mam biuro dalej jak 35 Km to czy mog\u0119 skorzysta\u0107 [&hellip;]<\/p>\n","protected":false},"author":1,"featured_media":0,"parent":0,"menu_order":0,"comment_status":"closed","ping_status":"closed","template":"","meta":{"footnotes":""},"class_list":["post-530","page","type-page","status-publish","hentry"],"yoast_head":"<!-- This site is optimized with the Yoast SEO plugin v27.4 - https:\/\/yoast.com\/product\/yoast-seo-wordpress\/ -->\n<title>Firma sprz\u0105taj\u0105ca biura w Poznaniu Q&amp;A-poszukaj pytanie i odp.<\/title>\n<meta name=\"description\" content=\"Firma sprz\u0105taj\u0105ca biura w Poznaniu pytania i odpowiedzi to ca\u0142a paczka pyta\u0144 i odpowiedzi dla Firmy sprz\u0105taj\u0105cej biura Pozna\u0144\" \/>\n<meta name=\"robots\" content=\"index, follow, max-snippet:-1, max-image-preview:large, max-video-preview:-1\" \/>\n<link rel=\"canonical\" href=\"https:\/\/hofre.pl\/index.php\/sprzatanie-biur-w-poznaniu-qa\/\" \/>\n<meta property=\"og:locale\" content=\"en_US\" \/>\n<meta property=\"og:type\" content=\"article\" \/>\n<meta property=\"og:title\" content=\"Firma sprz\u0105taj\u0105ca biura w Poznaniu Q&amp;A-poszukaj pytanie i odp.\" \/>\n<meta property=\"og:description\" content=\"Firma sprz\u0105taj\u0105ca biura w Poznaniu pytania i odpowiedzi to ca\u0142a paczka pyta\u0144 i odpowiedzi dla Firmy sprz\u0105taj\u0105cej biura Pozna\u0144\" \/>\n<meta property=\"og:url\" content=\"https:\/\/hofre.pl\/index.php\/sprzatanie-biur-w-poznaniu-qa\/\" \/>\n<meta property=\"article:publisher\" content=\"https:\/\/www.facebook.com\/profile.php?id=100088584422656\" \/>\n<meta property=\"article:modified_time\" content=\"2024-11-26T12:23:27+00:00\" \/>\n<meta property=\"og:image\" content=\"https:\/\/hofre.pl\/wp-content\/uploads\/2023\/02\/20230204_133442-2-scaled.jpg\" \/>\n\t<meta property=\"og:image:width\" content=\"2560\" \/>\n\t<meta property=\"og:image:height\" content=\"1442\" \/>\n\t<meta property=\"og:image:type\" content=\"image\/jpeg\" \/>\n<meta name=\"twitter:card\" content=\"summary_large_image\" \/>\n<meta name=\"twitter:label1\" content=\"Est. reading time\" \/>\n\t<meta name=\"twitter:data1\" content=\"5 minutes\" \/>\n<script type=\"application\/ld+json\" class=\"yoast-schema-graph\">{\"@context\":\"https:\\\/\\\/schema.org\",\"@graph\":[{\"@type\":\"WebPage\",\"@id\":\"https:\\\/\\\/hofre.pl\\\/index.php\\\/sprzatanie-biur-w-poznaniu-qa\\\/\",\"url\":\"https:\\\/\\\/hofre.pl\\\/index.php\\\/sprzatanie-biur-w-poznaniu-qa\\\/\",\"name\":\"Firma sprz\u0105taj\u0105ca biura w Poznaniu Q&A-poszukaj pytanie i odp.\",\"isPartOf\":{\"@id\":\"https:\\\/\\\/hofre.pl\\\/#website\"},\"primaryImageOfPage\":{\"@id\":\"https:\\\/\\\/hofre.pl\\\/index.php\\\/sprzatanie-biur-w-poznaniu-qa\\\/#primaryimage\"},\"image\":{\"@id\":\"https:\\\/\\\/hofre.pl\\\/index.php\\\/sprzatanie-biur-w-poznaniu-qa\\\/#primaryimage\"},\"thumbnailUrl\":\"https:\\\/\\\/hofre.pl\\\/wp-content\\\/uploads\\\/2023\\\/02\\\/20230204_133442-2-1024x577.jpg\",\"datePublished\":\"2023-01-24T13:35:40+00:00\",\"dateModified\":\"2024-11-26T12:23:27+00:00\",\"description\":\"Firma sprz\u0105taj\u0105ca biura w Poznaniu pytania i odpowiedzi to ca\u0142a paczka pyta\u0144 i odpowiedzi dla Firmy sprz\u0105taj\u0105cej biura Pozna\u0144\",\"breadcrumb\":{\"@id\":\"https:\\\/\\\/hofre.pl\\\/index.php\\\/sprzatanie-biur-w-poznaniu-qa\\\/#breadcrumb\"},\"inLanguage\":\"en-US\",\"potentialAction\":[{\"@type\":\"ReadAction\",\"target\":[\"https:\\\/\\\/hofre.pl\\\/index.php\\\/sprzatanie-biur-w-poznaniu-qa\\\/\"]}]},{\"@type\":\"ImageObject\",\"inLanguage\":\"en-US\",\"@id\":\"https:\\\/\\\/hofre.pl\\\/index.php\\\/sprzatanie-biur-w-poznaniu-qa\\\/#primaryimage\",\"url\":\"https:\\\/\\\/hofre.pl\\\/wp-content\\\/uploads\\\/2023\\\/02\\\/20230204_133442-2-scaled.jpg\",\"contentUrl\":\"https:\\\/\\\/hofre.pl\\\/wp-content\\\/uploads\\\/2023\\\/02\\\/20230204_133442-2-scaled.jpg\",\"width\":2560,\"height\":1442},{\"@type\":\"BreadcrumbList\",\"@id\":\"https:\\\/\\\/hofre.pl\\\/index.php\\\/sprzatanie-biur-w-poznaniu-qa\\\/#breadcrumb\",\"itemListElement\":[{\"@type\":\"ListItem\",\"position\":1,\"name\":\"Strona g\u0142\u00f3wna\",\"item\":\"https:\\\/\\\/hofre.pl\\\/\"},{\"@type\":\"ListItem\",\"position\":2,\"name\":\"Sprz\u0105tanie biur w Poznaniu Q&#038;A\"}]},{\"@type\":\"WebSite\",\"@id\":\"https:\\\/\\\/hofre.pl\\\/#website\",\"url\":\"https:\\\/\\\/hofre.pl\\\/\",\"name\":\"Firma sprz\u0105taj\u0105ca Pozna\u0144 Hofre\",\"description\":\"\",\"publisher\":{\"@id\":\"https:\\\/\\\/hofre.pl\\\/#organization\"},\"alternateName\":\"Firma sprz\u0105taj\u0105ca z Poznania\",\"potentialAction\":[{\"@type\":\"SearchAction\",\"target\":{\"@type\":\"EntryPoint\",\"urlTemplate\":\"https:\\\/\\\/hofre.pl\\\/?s={search_term_string}\"},\"query-input\":{\"@type\":\"PropertyValueSpecification\",\"valueRequired\":true,\"valueName\":\"search_term_string\"}}],\"inLanguage\":\"en-US\"},{\"@type\":\"Organization\",\"@id\":\"https:\\\/\\\/hofre.pl\\\/#organization\",\"name\":\"Firma sprz\u0105taj\u0105ca Pozna\u0144 Hofre\",\"url\":\"https:\\\/\\\/hofre.pl\\\/\",\"logo\":{\"@type\":\"ImageObject\",\"inLanguage\":\"en-US\",\"@id\":\"https:\\\/\\\/hofre.pl\\\/#\\\/schema\\\/logo\\\/image\\\/\",\"url\":\"https:\\\/\\\/hofre.pl\\\/wp-content\\\/uploads\\\/2023\\\/02\\\/cropped-Hofre-Poznan-logo.jpg\",\"contentUrl\":\"https:\\\/\\\/hofre.pl\\\/wp-content\\\/uploads\\\/2023\\\/02\\\/cropped-Hofre-Poznan-logo.jpg\",\"width\":825,\"height\":250,\"caption\":\"Firma sprz\u0105taj\u0105ca Pozna\u0144 Hofre\"},\"image\":{\"@id\":\"https:\\\/\\\/hofre.pl\\\/#\\\/schema\\\/logo\\\/image\\\/\"},\"sameAs\":[\"https:\\\/\\\/www.facebook.com\\\/profile.php?id=100088584422656\",\"https:\\\/\\\/www.instagram.com\\\/firma_sprzatajaca_poznan_hofre\\\/\"]}]}<\/script>\n<!-- \/ Yoast SEO plugin. -->","yoast_head_json":{"title":"Firma sprz\u0105taj\u0105ca biura w Poznaniu Q&A-poszukaj pytanie i odp.","description":"Firma sprz\u0105taj\u0105ca biura w Poznaniu pytania i odpowiedzi to ca\u0142a paczka pyta\u0144 i odpowiedzi dla Firmy sprz\u0105taj\u0105cej biura Pozna\u0144","robots":{"index":"index","follow":"follow","max-snippet":"max-snippet:-1","max-image-preview":"max-image-preview:large","max-video-preview":"max-video-preview:-1"},"canonical":"https:\/\/hofre.pl\/index.php\/sprzatanie-biur-w-poznaniu-qa\/","og_locale":"en_US","og_type":"article","og_title":"Firma sprz\u0105taj\u0105ca biura w Poznaniu Q&A-poszukaj pytanie i odp.","og_description":"Firma sprz\u0105taj\u0105ca biura w Poznaniu pytania i odpowiedzi to ca\u0142a paczka pyta\u0144 i odpowiedzi dla Firmy sprz\u0105taj\u0105cej biura Pozna\u0144","og_url":"https:\/\/hofre.pl\/index.php\/sprzatanie-biur-w-poznaniu-qa\/","article_publisher":"https:\/\/www.facebook.com\/profile.php?id=100088584422656","article_modified_time":"2024-11-26T12:23:27+00:00","og_image":[{"width":2560,"height":1442,"url":"https:\/\/hofre.pl\/wp-content\/uploads\/2023\/02\/20230204_133442-2-scaled.jpg","type":"image\/jpeg"}],"twitter_card":"summary_large_image","twitter_misc":{"Est. reading time":"5 minutes"},"schema":{"@context":"https:\/\/schema.org","@graph":[{"@type":"WebPage","@id":"https:\/\/hofre.pl\/index.php\/sprzatanie-biur-w-poznaniu-qa\/","url":"https:\/\/hofre.pl\/index.php\/sprzatanie-biur-w-poznaniu-qa\/","name":"Firma sprz\u0105taj\u0105ca biura w Poznaniu Q&A-poszukaj pytanie i odp.","isPartOf":{"@id":"https:\/\/hofre.pl\/#website"},"primaryImageOfPage":{"@id":"https:\/\/hofre.pl\/index.php\/sprzatanie-biur-w-poznaniu-qa\/#primaryimage"},"image":{"@id":"https:\/\/hofre.pl\/index.php\/sprzatanie-biur-w-poznaniu-qa\/#primaryimage"},"thumbnailUrl":"https:\/\/hofre.pl\/wp-content\/uploads\/2023\/02\/20230204_133442-2-1024x577.jpg","datePublished":"2023-01-24T13:35:40+00:00","dateModified":"2024-11-26T12:23:27+00:00","description":"Firma sprz\u0105taj\u0105ca biura w Poznaniu pytania i odpowiedzi to ca\u0142a paczka pyta\u0144 i odpowiedzi dla Firmy sprz\u0105taj\u0105cej biura Pozna\u0144","breadcrumb":{"@id":"https:\/\/hofre.pl\/index.php\/sprzatanie-biur-w-poznaniu-qa\/#breadcrumb"},"inLanguage":"en-US","potentialAction":[{"@type":"ReadAction","target":["https:\/\/hofre.pl\/index.php\/sprzatanie-biur-w-poznaniu-qa\/"]}]},{"@type":"ImageObject","inLanguage":"en-US","@id":"https:\/\/hofre.pl\/index.php\/sprzatanie-biur-w-poznaniu-qa\/#primaryimage","url":"https:\/\/hofre.pl\/wp-content\/uploads\/2023\/02\/20230204_133442-2-scaled.jpg","contentUrl":"https:\/\/hofre.pl\/wp-content\/uploads\/2023\/02\/20230204_133442-2-scaled.jpg","width":2560,"height":1442},{"@type":"BreadcrumbList","@id":"https:\/\/hofre.pl\/index.php\/sprzatanie-biur-w-poznaniu-qa\/#breadcrumb","itemListElement":[{"@type":"ListItem","position":1,"name":"Strona g\u0142\u00f3wna","item":"https:\/\/hofre.pl\/"},{"@type":"ListItem","position":2,"name":"Sprz\u0105tanie biur w Poznaniu Q&#038;A"}]},{"@type":"WebSite","@id":"https:\/\/hofre.pl\/#website","url":"https:\/\/hofre.pl\/","name":"Firma sprz\u0105taj\u0105ca Pozna\u0144 Hofre","description":"","publisher":{"@id":"https:\/\/hofre.pl\/#organization"},"alternateName":"Firma sprz\u0105taj\u0105ca z Poznania","potentialAction":[{"@type":"SearchAction","target":{"@type":"EntryPoint","urlTemplate":"https:\/\/hofre.pl\/?s={search_term_string}"},"query-input":{"@type":"PropertyValueSpecification","valueRequired":true,"valueName":"search_term_string"}}],"inLanguage":"en-US"},{"@type":"Organization","@id":"https:\/\/hofre.pl\/#organization","name":"Firma sprz\u0105taj\u0105ca Pozna\u0144 Hofre","url":"https:\/\/hofre.pl\/","logo":{"@type":"ImageObject","inLanguage":"en-US","@id":"https:\/\/hofre.pl\/#\/schema\/logo\/image\/","url":"https:\/\/hofre.pl\/wp-content\/uploads\/2023\/02\/cropped-Hofre-Poznan-logo.jpg","contentUrl":"https:\/\/hofre.pl\/wp-content\/uploads\/2023\/02\/cropped-Hofre-Poznan-logo.jpg","width":825,"height":250,"caption":"Firma sprz\u0105taj\u0105ca Pozna\u0144 Hofre"},"image":{"@id":"https:\/\/hofre.pl\/#\/schema\/logo\/image\/"},"sameAs":["https:\/\/www.facebook.com\/profile.php?id=100088584422656","https:\/\/www.instagram.com\/firma_sprzatajaca_poznan_hofre\/"]}]}},"jetpack_sharing_enabled":true,"_links":{"self":[{"href":"https:\/\/hofre.pl\/index.php\/wp-json\/wp\/v2\/pages\/530","targetHints":{"allow":["GET"]}}],"collection":[{"href":"https:\/\/hofre.pl\/index.php\/wp-json\/wp\/v2\/pages"}],"about":[{"href":"https:\/\/hofre.pl\/index.php\/wp-json\/wp\/v2\/types\/page"}],"author":[{"embeddable":true,"href":"https:\/\/hofre.pl\/index.php\/wp-json\/wp\/v2\/users\/1"}],"replies":[{"embeddable":true,"href":"https:\/\/hofre.pl\/index.php\/wp-json\/wp\/v2\/comments?post=530"}],"version-history":[{"count":14,"href":"https:\/\/hofre.pl\/index.php\/wp-json\/wp\/v2\/pages\/530\/revisions"}],"predecessor-version":[{"id":1551,"href":"https:\/\/hofre.pl\/index.php\/wp-json\/wp\/v2\/pages\/530\/revisions\/1551"}],"wp:attachment":[{"href":"https:\/\/hofre.pl\/index.php\/wp-json\/wp\/v2\/media?parent=530"}],"curies":[{"name":"wp","href":"https:\/\/api.w.org\/{rel}","templated":true}]}}