{"id":1108,"date":"2023-04-01T19:44:48","date_gmt":"2023-04-01T19:44:48","guid":{"rendered":"https:\/\/hofre.pl\/?page_id=1108"},"modified":"2025-03-11T11:47:19","modified_gmt":"2025-03-11T11:47:19","slug":"firma-sprzatajaca-komorniki","status":"publish","type":"page","link":"https:\/\/hofre.pl\/index.php\/firma-sprzatajaca-komorniki\/","title":{"rendered":"Komorniki"},"content":{"rendered":"\n<h1 class=\"wp-block-heading has-text-align-center has-black-color has-text-color has-link-color wp-elements-94f785a83c5e2ed3f6224ef81f3ac4a7\"><strong>Profesjonalna firma sprz\u0105taj\u0105ca Komorniki<\/strong><\/h1>\n\n\n\n<p class=\"has-black-color has-text-color\">Firma sprz\u0105taj\u0105ca Komorniki ! Czy kiedykolwiek marzy\u0142e\u015b o tym, aby twoje<strong> biuro lub dom b\u0142yszcza\u0142y czysto\u015bci\u0105<\/strong>, ale nie masz na to ani si\u0142y, ani czasu? Nie martw si\u0119, jest <strong>firma sprz\u0105taj\u0105ca Hofre z poznania<\/strong>, kt\u00f3ra specjalizuje si\u0119 w sprz\u0105taniu i jest gotowa pom\u00f3c! Ta firma sprz\u0105taj\u0105ca Hofre dzia\u0142a r\u00f3wnie\u017c na terenie <strong>Komornik pod Poznaniem<\/strong> i oferuje szereg us\u0142ug porz\u0105dkowych, w tym <strong><a href=\"https:\/\/hofre.pl\/index.php\/mycie-okien-poznan\/\" target=\"_blank\" rel=\"noreferrer noopener\">mycie okien<\/a><\/strong> Komorniki, sprz\u0105tanie sta\u0142e oraz jednorazowe, sprz\u0105tanie po budowie i remoncie oraz wiele innych <strong><a href=\"https:\/\/hofre.pl\/index.php\/uslugi-sprzatajace-w-poznaniu\/\" target=\"_blank\" rel=\"noreferrer noopener\">us\u0142ug<\/a><\/strong>.<\/p>\n\n\n\n<h3 class=\"wp-block-heading has-text-align-center has-black-color has-text-color has-link-color wp-elements-5e2bc95da235e17b8e24c19cb79853d9\"><strong>Firma Hofre Komorniki &#8211; skuteczno\u015b\u0107 w sprz\u0105taniu<\/strong><\/h3>\n\n\n\n<p class=\"has-black-color has-text-color\">Zapewne zastanawiasz si\u0119, co takiego ma ta firma profesjonalne sprz\u0105tanie Komorniki, co sprawia, \u017ce jest wyj\u0105tkowa. Po pierwsze, pracownicy tej firmy s\u0105 wykwalifikowani i do\u015bwiadczeni w bran\u017cy sprz\u0105taj\u0105cej. Zawsze dok\u0142adaj\u0105 wszelkich stara\u0144, aby ich praca by\u0142a nie tylko skuteczna, ale r\u00f3wnie\u017c bezpieczna i profesjonalna. To oznacza, \u017ce tw\u00f3j <strong><a href=\"https:\/\/hofre.pl\/index.php\/firma-sprzatajaca-domy-poznan\/\" target=\"_blank\" rel=\"noreferrer noopener\">dom<\/a><\/strong>, <strong><a href=\"https:\/\/hofre.pl\/index.php\/firma-sprzatajaca-biura-poznan\/\" target=\"_blank\" rel=\"noreferrer noopener\">biuro<\/a><\/strong> oraz Twoje mieszkanie jest w dobrych r\u0119kach i mo\u017cna mu zaufa\u0107!<\/p>\n\n\n\n<h4 class=\"wp-block-heading has-text-align-center has-black-color has-text-color has-link-color wp-elements-c38dfa1bd674b1d7fa4b877297dfe360\"><strong>Hofre to profesjonalny sprz\u0119t i \u015br. czysto\u015bci<\/strong><\/h4>\n\n\n\n<p class=\"has-black-color has-text-color\">Firma ta stosuje tak\u017ce najnowocze\u015bniejsze <a href=\"https:\/\/www.ttsystem.com\/en\" target=\"_blank\" rel=\"noreferrer noopener\">narz\u0119dzia i sprz\u0119t<\/a>, aby zapewni\u0107 najwy\u017csz\u0105 jako\u015b\u0107 <strong><a href=\"https:\/\/hofre.pl\/index.php\/uslugi-sprzatajace-w-poznaniu\/\" target=\"_blank\" rel=\"noreferrer noopener\">us\u0142ug<\/a><\/strong> sprz\u0105taj\u0105cych. Bez wzgl\u0119du na to, czy potrzebujesz pomocy w czyszczeniu okien w Komornikach, usuwaniu plam z dywan\u00f3w, czy w sprz\u0105taniu po remoncie &#8211; ta firma ma wszystko, co potrzebne do wykonania pracy sprz\u0105taj\u0105cej na najwy\u017cszym poziomie.<\/p>\n\n\n\n<h2 class=\"wp-block-heading has-text-align-center has-black-color has-text-color has-link-color wp-elements-0c8f574283972ddcf0c88510f93e6bf3\"><strong><a href=\"https:\/\/hofre.pl\/index.php\/uslugi-sprzatajace-w-poznaniu\/\" target=\"_blank\" rel=\"noreferrer noopener\">Us\u0142ugi<\/a> sprz\u0105taj\u0105ce Komorniki.<\/strong><\/h2>\n\n\n\n<p class=\"has-black-color has-text-color\">Ale to nie wszystko! Firma sprz\u0105taj\u0105ca Komorniki oferuje r\u00f3wnie\u017c sprz\u0105tanie sta\u0142e &#8211; od jednorazowego sprz\u0105tania po regularne sprz\u0105tanie co tydzie\u0144. To idealne rozwi\u0105zanie dla os\u00f3b, kt\u00f3re nie maj\u0105 czasu ani energii na codzienne odkurzanie i mycie pod\u0142ogi oraz mycie okien Komorniki. Zatrudniaj\u0105c t\u0119 firm\u0119, mo\u017cesz cieszy\u0107 si\u0119 czysto\u015bci\u0105 swojego domu bez wyrzecze\u0144 i zm\u0119czenia.<\/p>\n\n\n\n<p><\/p>\n\n\n\n<div class=\"wp-block-media-text alignwide is-stacked-on-mobile\" style=\"grid-template-columns:42% auto\"><figure class=\"wp-block-media-text__media\"><img loading=\"lazy\" decoding=\"async\" width=\"1024\" height=\"576\" src=\"https:\/\/hofre.pl\/wp-content\/uploads\/2023\/04\/20230324_100853-1024x576.jpg\" alt=\"Mycie okien Komorniki, Firma sprz\u0105taj\u0105ca Komorniki\" class=\"wp-image-1180 size-full\" srcset=\"https:\/\/hofre.pl\/wp-content\/uploads\/2023\/04\/20230324_100853-1024x576.jpg 1024w, https:\/\/hofre.pl\/wp-content\/uploads\/2023\/04\/20230324_100853-300x169.jpg 300w, https:\/\/hofre.pl\/wp-content\/uploads\/2023\/04\/20230324_100853-768x432.jpg 768w, https:\/\/hofre.pl\/wp-content\/uploads\/2023\/04\/20230324_100853-1536x864.jpg 1536w, https:\/\/hofre.pl\/wp-content\/uploads\/2023\/04\/20230324_100853-2048x1152.jpg 2048w\" sizes=\"auto, (max-width: 1024px) 100vw, 1024px\" \/><\/figure><div class=\"wp-block-media-text__content\">\n<h2 class=\"wp-block-heading has-text-align-center has-black-color has-text-color has-link-color wp-elements-de32769dcaec59806e03ca5e4f3b8c2c\"><strong><a href=\"https:\/\/hofre.pl\/index.php\/mycie-okien-poznan\/\" target=\"_blank\" rel=\"noreferrer noopener\">Mycie okien<\/a> Komorniki<\/strong><\/h2>\n\n\n\n<p class=\"has-black-color has-text-color\">Mycie okien w Poznaniu ale tak\u017ce i w twoim mieszkaniu, domu lub biurze mo\u017ce by\u0107 uci\u0105\u017cliwe i czasoch\u0142onne. Z pomoc\u0105 Hofre firmy z Komornik jest to teraz \u0142atwe i przyjemne! Specjali\u015bci z tej firmy nie tylko dok\u0142adnie wyczyszcz\u0105 Twoje okna, ale tak\u017ce sprawi\u0105, \u017ce b\u0119d\u0105 one b\u0142yszcze\u0107 jak nigdy wcze\u015bniej. Dzi\u0119ki najnowocze\u015bniejszym narz\u0119dziom i technologiom <strong>mycia okien Komorniki<\/strong>, ta firma zapewni Tobie i Twojej rodzinie czyste i przepi\u0119kne okna. <\/p>\n<\/div><\/div>\n\n\n\n<p><\/p>\n\n\n\n<h2 class=\"wp-block-heading has-text-align-center has-black-color has-text-color has-link-color wp-elements-e8f3d6e7cbc8c159aa099319eb8e9b9f\"><strong>Sprz\u0105tanie po budowie , remoncie Komorniki<\/strong><\/h2>\n\n\n\n<p class=\"has-black-color has-text-color\">A co powiesz na sprz\u0105tanie po remoncie i budowie w twoim mieszkaniu, domu lub nowo wybudowanym biurze w Komornikach? To na pewno nie jest proste zadanie, ale dla specjalist\u00f3w z firmy sprz\u0105taj\u0105cej Komorniki Hofre to nie stanowi problemu! Potrafi\u0105 oni z \u0142atwo\u015bci\u0105 pozby\u0107 si\u0119 pozosta\u0142o\u015bci po farbie, zaprawie i py\u0142ach, aby Tw\u00f3j dom b\u0142yszcza\u0142 nowym blaskiem. Nie zapominaj\u0105 o tak prostej aczkolwiek dla nie kt\u00f3rych us\u0142udze mycia okien w Komornikach po budowie. Hofre sprawi, \u017ce twoje nowe lokum b\u0119dzie czyste, pachn\u0105ce oraz gotowe do u\u017cytku zaraz po ich wyj\u015bciu. <\/p>\n\n\n\n<p><\/p>\n\n\n<div class=\"wp-block-image is-style-rounded\">\n<figure class=\"aligncenter size-large is-resized\"><img loading=\"lazy\" decoding=\"async\" width=\"1024\" height=\"577\" src=\"https:\/\/hofre.pl\/wp-content\/uploads\/2023\/04\/20230223_111149-1024x577.jpg\" alt=\"Firma sprz\u0105taj\u0105ca po remocnie, budowie Komorniki , Pozna\u0144\" class=\"wp-image-1182\" style=\"width:435px;height:244px\" srcset=\"https:\/\/hofre.pl\/wp-content\/uploads\/2023\/04\/20230223_111149-1024x577.jpg 1024w, https:\/\/hofre.pl\/wp-content\/uploads\/2023\/04\/20230223_111149-300x169.jpg 300w, https:\/\/hofre.pl\/wp-content\/uploads\/2023\/04\/20230223_111149-768x432.jpg 768w, https:\/\/hofre.pl\/wp-content\/uploads\/2023\/04\/20230223_111149-1536x865.jpg 1536w, https:\/\/hofre.pl\/wp-content\/uploads\/2023\/04\/20230223_111149-2048x1153.jpg 2048w\" sizes=\"auto, (max-width: 1024px) 100vw, 1024px\" \/><\/figure>\n<\/div>\n\n\n<p><\/p>\n\n\n\n<h2 class=\"wp-block-heading has-text-align-center has-black-color has-text-color has-link-color wp-elements-f521e14661b700f2e35d3ad921604610\"><strong>Firma sprz\u0105taj\u0105ca biura Komorniki<\/strong><\/h2>\n\n\n\n<p class=\"has-black-color has-text-color\">Kontynuuj\u0105c temat, warto wspomnie\u0107 o jeszcze jednej us\u0142udze oferowanej przez Hofre, a mianowicie sprz\u0105tanie biur w Komornikach. Czy kiedykolwiek zastanawia\u0142e\u015b si\u0119, jakie korzy\u015bci mo\u017ce przynie\u015b\u0107 sprz\u0105tanie biura przez profesjonaln\u0105 firm\u0119? Przede wszystkim, sprz\u0105tanie biura przez wykwalifikowanych specjalist\u00f3w mo\u017ce zwi\u0119kszy\u0107 komfort pracy oraz wp\u0142yn\u0105\u0107 na efektywno\u015b\u0107 pracownik\u00f3w oraz zwi\u0119kszy\u0107 ilo\u015b\u0107 twoich nowych klient\u00f3w.<\/p>\n\n\n\n<h4 class=\"wp-block-heading has-text-align-center has-black-color has-text-color has-link-color wp-elements-e0d672712bfd1fdec719258bac782247\"><strong>Dlaczego warto zatrudni\u0107 firm\u0119 sprz\u0105taj\u0105ca biura w Komornikach?<\/strong><\/h4>\n\n\n\n<p class=\"has-black-color has-text-color\">Dlaczego? Przede wszystkim, czyste i uporz\u0105dkowane biuro mo\u017ce pom\u00f3c w zredukowaniu stresu, kt\u00f3ry wynika z ba\u0142aganu i nieporz\u0105dku. Ponadto, regularne sprz\u0105tanie biura mo\u017ce pom\u00f3c w utrzymaniu czysto\u015bci i higieny, co z kolei mo\u017ce przyczyni\u0107 si\u0119 do zmniejszenia ryzyka chor\u00f3b i infekcji w miejscu pracy.<\/p>\n\n\n\n<p class=\"has-black-color has-text-color\">Firma sprz\u0105taj\u0105ca oferuje kompleksowe i profesjonalne us\u0142ugi sprz\u0105tania biur, kt\u00f3re obejmuj\u0105 wszystko, od codziennego odkurzania i wycierania kurzy, po sprz\u0105tanie powierzchni biurowych, takich jak biurka i rega\u0142y, a\u017c po mycie okien i czyszczenie dywan\u00f3w. Dzi\u0119ki temu Twoje biuro b\u0119dzie zawsze czyste i schludne, a Ty i Twoi pracownicy b\u0119dziecie mogli pracowa\u0107 w bardziej przyjaznym i wydajnym \u015brodowisku.<\/p>\n\n\n\n<p><\/p>\n\n\n<div class=\"wp-block-image is-style-rounded\">\n<figure class=\"aligncenter size-large is-resized\"><img loading=\"lazy\" decoding=\"async\" width=\"1024\" height=\"576\" src=\"https:\/\/hofre.pl\/wp-content\/uploads\/2023\/04\/20230303_142653-1024x576.jpg\" alt=\"Firma sprz\u0105taj\u0105ca biura Komorniki\" class=\"wp-image-1181\" style=\"width:435px;height:244px\" srcset=\"https:\/\/hofre.pl\/wp-content\/uploads\/2023\/04\/20230303_142653-1024x576.jpg 1024w, https:\/\/hofre.pl\/wp-content\/uploads\/2023\/04\/20230303_142653-300x169.jpg 300w, https:\/\/hofre.pl\/wp-content\/uploads\/2023\/04\/20230303_142653-768x432.jpg 768w, https:\/\/hofre.pl\/wp-content\/uploads\/2023\/04\/20230303_142653-1536x864.jpg 1536w, https:\/\/hofre.pl\/wp-content\/uploads\/2023\/04\/20230303_142653-2048x1152.jpg 2048w\" sizes=\"auto, (max-width: 1024px) 100vw, 1024px\" \/><\/figure>\n<\/div>\n\n\n<p><\/p>\n\n\n\n<h4 class=\"wp-block-heading has-text-align-center has-black-color has-text-color has-link-color wp-elements-70c1bfe761310667154b582a1318f21f\"><strong>Profesjonalna firma sprz\u0105taj\u0105ca Komorniki podsumowanie<\/strong><\/h4>\n\n\n\n<p class=\"has-black-color has-text-color\">Tak wi\u0119c, je\u015bli szukasz profesjonalnej <strong>firmy sprz\u0105taj\u0105cej<\/strong>, kt\u00f3ra ma do\u015bwiadczenie, wysokiej jako\u015bci narz\u0119dzia i sprz\u0119t, oraz pracownik\u00f3w, kt\u00f3rzy wiedz\u0105, jak pracowa\u0107 skutecznie i bezpiecznie, to ta firma jest dla Ciebie! <strong><a href=\"https:\/\/hofre.pl\/index.php\/firma-sprzatajaca-poznan-kontakt\/\" target=\"_blank\" rel=\"noreferrer noopener\">Skontaktuj<\/a><\/strong> si\u0119 z nimi ju\u017c dzi\u015b i ciesz si\u0119 <strong>czysto\u015bci\u0105 swojego domu, biura oraz mieszkania w Komornikach! <\/strong><\/p>\n\n\n\n<p class=\"has-black-color has-text-color\">Poni\u017cej przedstawiam kr\u00f3tkie podsumowanie korzy\u015bci, jakie mo\u017ce otrzyma\u0107 klient zatrudniaj\u0105cy firm\u0119 sprz\u0105taj\u0105c\u0105 z Komornik:<\/p>\n\n\n\n<ol class=\"wp-block-list\">\n<li><strong>Mycie okien Komorniki<\/strong> &#8211; czyste i b\u0142yszcz\u0105ce okna, kt\u00f3re poprawiaj\u0105 estetyk\u0119 pomieszcze\u0144.<\/li>\n\n\n\n<li>Sprz\u0105tanie sta\u0142e &#8211; regularne sprz\u0105tanie domu lub biura zapewnia czysto\u015b\u0107 i higien\u0119, a tak\u017ce zwi\u0119ksza komfort pracy.<\/li>\n\n\n\n<li>Sprz\u0105tanie jednorazowe &#8211; us\u0142uga przydatna po remoncie lub wi\u0119kszych pracach remontowych.<\/li>\n\n\n\n<li><strong>Sprz\u0105tanie po budowie i remoncie Komorniki<\/strong> &#8211; kompleksowe sprz\u0105tanie pomieszcze\u0144 po zako\u0144czonych pracach remontowych.<\/li>\n\n\n\n<li><strong>Sprz\u0105tanie biur Komorniki<\/strong> &#8211; profesjonalne us\u0142ugi sprz\u0105tania biur, kt\u00f3re poprawiaj\u0105 efektywno\u015b\u0107 pracy i redukuj\u0105 stres.<\/li>\n<\/ol>\n\n\n\n<h2 class=\"wp-block-heading has-text-align-center has-black-color has-text-color has-link-color wp-elements-119bf1e1054f90fdcbc2fdb8487bebc5\"><strong>Cennik us\u0142ug sprz\u0105taj\u0105cych w Komornikach i Poznaniu<\/strong><\/h2>\n\n\n\n<p class=\"has-black-color has-text-color\">Je\u015bli nadal nie wiesz, lub zastanawiasz si\u0119 ile kosztuje us\u0142uga utrzymania czysto\u015bci lub te\u017c mycie okien? Skorzystaj z naszego <strong><a href=\"https:\/\/hofre.pl\/index.php\/firma-sprzatajaca-poznan-cennik\/\" target=\"_blank\" rel=\"noreferrer noopener\">cennika<\/a><\/strong> us\u0142ug sprz\u0105taj\u0105cych Pozna\u0144, Komorniki. <\/p>\n","protected":false},"excerpt":{"rendered":"<p>Profesjonalna firma sprz\u0105taj\u0105ca Komorniki Firma sprz\u0105taj\u0105ca Komorniki ! Czy kiedykolwiek marzy\u0142e\u015b o tym, aby twoje biuro lub dom b\u0142yszcza\u0142y czysto\u015bci\u0105, ale nie masz na to ani si\u0142y, ani czasu? Nie martw si\u0119, jest firma sprz\u0105taj\u0105ca Hofre z poznania, kt\u00f3ra specjalizuje si\u0119 w sprz\u0105taniu i jest gotowa pom\u00f3c! Ta firma sprz\u0105taj\u0105ca Hofre dzia\u0142a r\u00f3wnie\u017c na terenie [&hellip;]<\/p>\n","protected":false},"author":1,"featured_media":0,"parent":0,"menu_order":0,"comment_status":"closed","ping_status":"closed","template":"","meta":{"footnotes":""},"class_list":["post-1108","page","type-page","status-publish","hentry"],"yoast_head":"<!-- This site is optimized with the Yoast SEO plugin v27.4 - https:\/\/yoast.com\/product\/yoast-seo-wordpress\/ -->\n<title>Firma sprz\u0105taj\u0105ca Komorniki - Hofre.pl<\/title>\n<meta name=\"robots\" content=\"index, follow, max-snippet:-1, max-image-preview:large, max-video-preview:-1\" \/>\n<link rel=\"canonical\" href=\"https:\/\/hofre.pl\/index.php\/firma-sprzatajaca-komorniki\/\" \/>\n<meta property=\"og:locale\" content=\"en_US\" \/>\n<meta property=\"og:type\" content=\"article\" \/>\n<meta property=\"og:title\" content=\"Firma sprz\u0105taj\u0105ca Komorniki - Hofre.pl\" \/>\n<meta property=\"og:description\" content=\"Profesjonalna firma sprz\u0105taj\u0105ca Komorniki Firma sprz\u0105taj\u0105ca Komorniki ! Czy kiedykolwiek marzy\u0142e\u015b o tym, aby twoje biuro lub dom b\u0142yszcza\u0142y czysto\u015bci\u0105, ale nie masz na to ani si\u0142y, ani czasu? Nie martw si\u0119, jest firma sprz\u0105taj\u0105ca Hofre z poznania, kt\u00f3ra specjalizuje si\u0119 w sprz\u0105taniu i jest gotowa pom\u00f3c! Ta firma sprz\u0105taj\u0105ca Hofre dzia\u0142a r\u00f3wnie\u017c na terenie [&hellip;]\" \/>\n<meta property=\"og:url\" content=\"https:\/\/hofre.pl\/index.php\/firma-sprzatajaca-komorniki\/\" \/>\n<meta property=\"article:publisher\" content=\"https:\/\/www.facebook.com\/profile.php?id=100088584422656\" \/>\n<meta property=\"article:modified_time\" content=\"2025-03-11T11:47:19+00:00\" \/>\n<meta property=\"og:image\" content=\"https:\/\/hofre.pl\/wp-content\/uploads\/2023\/04\/20230324_100853-scaled.jpg\" \/>\n\t<meta property=\"og:image:width\" content=\"2560\" \/>\n\t<meta property=\"og:image:height\" content=\"1440\" \/>\n\t<meta property=\"og:image:type\" content=\"image\/jpeg\" \/>\n<meta name=\"twitter:card\" content=\"summary_large_image\" \/>\n<meta name=\"twitter:label1\" content=\"Est. reading time\" \/>\n\t<meta name=\"twitter:data1\" content=\"4 minutes\" \/>\n<script type=\"application\/ld+json\" class=\"yoast-schema-graph\">{\"@context\":\"https:\\\/\\\/schema.org\",\"@graph\":[{\"@type\":\"WebPage\",\"@id\":\"https:\\\/\\\/hofre.pl\\\/index.php\\\/firma-sprzatajaca-komorniki\\\/\",\"url\":\"https:\\\/\\\/hofre.pl\\\/index.php\\\/firma-sprzatajaca-komorniki\\\/\",\"name\":\"Firma sprz\u0105taj\u0105ca Komorniki - Hofre.pl\",\"isPartOf\":{\"@id\":\"https:\\\/\\\/hofre.pl\\\/#website\"},\"primaryImageOfPage\":{\"@id\":\"https:\\\/\\\/hofre.pl\\\/index.php\\\/firma-sprzatajaca-komorniki\\\/#primaryimage\"},\"image\":{\"@id\":\"https:\\\/\\\/hofre.pl\\\/index.php\\\/firma-sprzatajaca-komorniki\\\/#primaryimage\"},\"thumbnailUrl\":\"https:\\\/\\\/hofre.pl\\\/wp-content\\\/uploads\\\/2023\\\/04\\\/20230324_100853-1024x576.jpg\",\"datePublished\":\"2023-04-01T19:44:48+00:00\",\"dateModified\":\"2025-03-11T11:47:19+00:00\",\"breadcrumb\":{\"@id\":\"https:\\\/\\\/hofre.pl\\\/index.php\\\/firma-sprzatajaca-komorniki\\\/#breadcrumb\"},\"inLanguage\":\"en-US\",\"potentialAction\":[{\"@type\":\"ReadAction\",\"target\":[\"https:\\\/\\\/hofre.pl\\\/index.php\\\/firma-sprzatajaca-komorniki\\\/\"]}]},{\"@type\":\"ImageObject\",\"inLanguage\":\"en-US\",\"@id\":\"https:\\\/\\\/hofre.pl\\\/index.php\\\/firma-sprzatajaca-komorniki\\\/#primaryimage\",\"url\":\"https:\\\/\\\/hofre.pl\\\/wp-content\\\/uploads\\\/2023\\\/04\\\/20230324_100853-scaled.jpg\",\"contentUrl\":\"https:\\\/\\\/hofre.pl\\\/wp-content\\\/uploads\\\/2023\\\/04\\\/20230324_100853-scaled.jpg\",\"width\":2560,\"height\":1440},{\"@type\":\"BreadcrumbList\",\"@id\":\"https:\\\/\\\/hofre.pl\\\/index.php\\\/firma-sprzatajaca-komorniki\\\/#breadcrumb\",\"itemListElement\":[{\"@type\":\"ListItem\",\"position\":1,\"name\":\"Strona g\u0142\u00f3wna\",\"item\":\"https:\\\/\\\/hofre.pl\\\/\"},{\"@type\":\"ListItem\",\"position\":2,\"name\":\"Komorniki\"}]},{\"@type\":\"WebSite\",\"@id\":\"https:\\\/\\\/hofre.pl\\\/#website\",\"url\":\"https:\\\/\\\/hofre.pl\\\/\",\"name\":\"Firma sprz\u0105taj\u0105ca Pozna\u0144 Hofre\",\"description\":\"\",\"publisher\":{\"@id\":\"https:\\\/\\\/hofre.pl\\\/#organization\"},\"alternateName\":\"Firma sprz\u0105taj\u0105ca z Poznania\",\"potentialAction\":[{\"@type\":\"SearchAction\",\"target\":{\"@type\":\"EntryPoint\",\"urlTemplate\":\"https:\\\/\\\/hofre.pl\\\/?s={search_term_string}\"},\"query-input\":{\"@type\":\"PropertyValueSpecification\",\"valueRequired\":true,\"valueName\":\"search_term_string\"}}],\"inLanguage\":\"en-US\"},{\"@type\":\"Organization\",\"@id\":\"https:\\\/\\\/hofre.pl\\\/#organization\",\"name\":\"Firma sprz\u0105taj\u0105ca Pozna\u0144 Hofre\",\"url\":\"https:\\\/\\\/hofre.pl\\\/\",\"logo\":{\"@type\":\"ImageObject\",\"inLanguage\":\"en-US\",\"@id\":\"https:\\\/\\\/hofre.pl\\\/#\\\/schema\\\/logo\\\/image\\\/\",\"url\":\"https:\\\/\\\/hofre.pl\\\/wp-content\\\/uploads\\\/2023\\\/02\\\/cropped-Hofre-Poznan-logo.jpg\",\"contentUrl\":\"https:\\\/\\\/hofre.pl\\\/wp-content\\\/uploads\\\/2023\\\/02\\\/cropped-Hofre-Poznan-logo.jpg\",\"width\":825,\"height\":250,\"caption\":\"Firma sprz\u0105taj\u0105ca Pozna\u0144 Hofre\"},\"image\":{\"@id\":\"https:\\\/\\\/hofre.pl\\\/#\\\/schema\\\/logo\\\/image\\\/\"},\"sameAs\":[\"https:\\\/\\\/www.facebook.com\\\/profile.php?id=100088584422656\",\"https:\\\/\\\/www.instagram.com\\\/firma_sprzatajaca_poznan_hofre\\\/\"]}]}<\/script>\n<!-- \/ Yoast SEO plugin. -->","yoast_head_json":{"title":"Firma sprz\u0105taj\u0105ca Komorniki - Hofre.pl","robots":{"index":"index","follow":"follow","max-snippet":"max-snippet:-1","max-image-preview":"max-image-preview:large","max-video-preview":"max-video-preview:-1"},"canonical":"https:\/\/hofre.pl\/index.php\/firma-sprzatajaca-komorniki\/","og_locale":"en_US","og_type":"article","og_title":"Firma sprz\u0105taj\u0105ca Komorniki - Hofre.pl","og_description":"Profesjonalna firma sprz\u0105taj\u0105ca Komorniki Firma sprz\u0105taj\u0105ca Komorniki ! Czy kiedykolwiek marzy\u0142e\u015b o tym, aby twoje biuro lub dom b\u0142yszcza\u0142y czysto\u015bci\u0105, ale nie masz na to ani si\u0142y, ani czasu? Nie martw si\u0119, jest firma sprz\u0105taj\u0105ca Hofre z poznania, kt\u00f3ra specjalizuje si\u0119 w sprz\u0105taniu i jest gotowa pom\u00f3c! Ta firma sprz\u0105taj\u0105ca Hofre dzia\u0142a r\u00f3wnie\u017c na terenie [&hellip;]","og_url":"https:\/\/hofre.pl\/index.php\/firma-sprzatajaca-komorniki\/","article_publisher":"https:\/\/www.facebook.com\/profile.php?id=100088584422656","article_modified_time":"2025-03-11T11:47:19+00:00","og_image":[{"width":2560,"height":1440,"url":"https:\/\/hofre.pl\/wp-content\/uploads\/2023\/04\/20230324_100853-scaled.jpg","type":"image\/jpeg"}],"twitter_card":"summary_large_image","twitter_misc":{"Est. reading time":"4 minutes"},"schema":{"@context":"https:\/\/schema.org","@graph":[{"@type":"WebPage","@id":"https:\/\/hofre.pl\/index.php\/firma-sprzatajaca-komorniki\/","url":"https:\/\/hofre.pl\/index.php\/firma-sprzatajaca-komorniki\/","name":"Firma sprz\u0105taj\u0105ca Komorniki - Hofre.pl","isPartOf":{"@id":"https:\/\/hofre.pl\/#website"},"primaryImageOfPage":{"@id":"https:\/\/hofre.pl\/index.php\/firma-sprzatajaca-komorniki\/#primaryimage"},"image":{"@id":"https:\/\/hofre.pl\/index.php\/firma-sprzatajaca-komorniki\/#primaryimage"},"thumbnailUrl":"https:\/\/hofre.pl\/wp-content\/uploads\/2023\/04\/20230324_100853-1024x576.jpg","datePublished":"2023-04-01T19:44:48+00:00","dateModified":"2025-03-11T11:47:19+00:00","breadcrumb":{"@id":"https:\/\/hofre.pl\/index.php\/firma-sprzatajaca-komorniki\/#breadcrumb"},"inLanguage":"en-US","potentialAction":[{"@type":"ReadAction","target":["https:\/\/hofre.pl\/index.php\/firma-sprzatajaca-komorniki\/"]}]},{"@type":"ImageObject","inLanguage":"en-US","@id":"https:\/\/hofre.pl\/index.php\/firma-sprzatajaca-komorniki\/#primaryimage","url":"https:\/\/hofre.pl\/wp-content\/uploads\/2023\/04\/20230324_100853-scaled.jpg","contentUrl":"https:\/\/hofre.pl\/wp-content\/uploads\/2023\/04\/20230324_100853-scaled.jpg","width":2560,"height":1440},{"@type":"BreadcrumbList","@id":"https:\/\/hofre.pl\/index.php\/firma-sprzatajaca-komorniki\/#breadcrumb","itemListElement":[{"@type":"ListItem","position":1,"name":"Strona g\u0142\u00f3wna","item":"https:\/\/hofre.pl\/"},{"@type":"ListItem","position":2,"name":"Komorniki"}]},{"@type":"WebSite","@id":"https:\/\/hofre.pl\/#website","url":"https:\/\/hofre.pl\/","name":"Firma sprz\u0105taj\u0105ca Pozna\u0144 Hofre","description":"","publisher":{"@id":"https:\/\/hofre.pl\/#organization"},"alternateName":"Firma sprz\u0105taj\u0105ca z Poznania","potentialAction":[{"@type":"SearchAction","target":{"@type":"EntryPoint","urlTemplate":"https:\/\/hofre.pl\/?s={search_term_string}"},"query-input":{"@type":"PropertyValueSpecification","valueRequired":true,"valueName":"search_term_string"}}],"inLanguage":"en-US"},{"@type":"Organization","@id":"https:\/\/hofre.pl\/#organization","name":"Firma sprz\u0105taj\u0105ca Pozna\u0144 Hofre","url":"https:\/\/hofre.pl\/","logo":{"@type":"ImageObject","inLanguage":"en-US","@id":"https:\/\/hofre.pl\/#\/schema\/logo\/image\/","url":"https:\/\/hofre.pl\/wp-content\/uploads\/2023\/02\/cropped-Hofre-Poznan-logo.jpg","contentUrl":"https:\/\/hofre.pl\/wp-content\/uploads\/2023\/02\/cropped-Hofre-Poznan-logo.jpg","width":825,"height":250,"caption":"Firma sprz\u0105taj\u0105ca Pozna\u0144 Hofre"},"image":{"@id":"https:\/\/hofre.pl\/#\/schema\/logo\/image\/"},"sameAs":["https:\/\/www.facebook.com\/profile.php?id=100088584422656","https:\/\/www.instagram.com\/firma_sprzatajaca_poznan_hofre\/"]}]}},"jetpack_sharing_enabled":true,"_links":{"self":[{"href":"https:\/\/hofre.pl\/index.php\/wp-json\/wp\/v2\/pages\/1108","targetHints":{"allow":["GET"]}}],"collection":[{"href":"https:\/\/hofre.pl\/index.php\/wp-json\/wp\/v2\/pages"}],"about":[{"href":"https:\/\/hofre.pl\/index.php\/wp-json\/wp\/v2\/types\/page"}],"author":[{"embeddable":true,"href":"https:\/\/hofre.pl\/index.php\/wp-json\/wp\/v2\/users\/1"}],"replies":[{"embeddable":true,"href":"https:\/\/hofre.pl\/index.php\/wp-json\/wp\/v2\/comments?post=1108"}],"version-history":[{"count":10,"href":"https:\/\/hofre.pl\/index.php\/wp-json\/wp\/v2\/pages\/1108\/revisions"}],"predecessor-version":[{"id":1653,"href":"https:\/\/hofre.pl\/index.php\/wp-json\/wp\/v2\/pages\/1108\/revisions\/1653"}],"wp:attachment":[{"href":"https:\/\/hofre.pl\/index.php\/wp-json\/wp\/v2\/media?parent=1108"}],"curies":[{"name":"wp","href":"https:\/\/api.w.org\/{rel}","templated":true}]}}