{"id":1106,"date":"2023-04-01T19:44:47","date_gmt":"2023-04-01T19:44:47","guid":{"rendered":"https:\/\/hofre.pl\/?page_id=1106"},"modified":"2024-10-29T14:16:02","modified_gmt":"2024-10-29T14:16:02","slug":"firma-sprzatajaca-swarzedz","status":"publish","type":"page","link":"https:\/\/hofre.pl\/index.php\/firma-sprzatajaca-swarzedz\/","title":{"rendered":"Swarz\u0119dz"},"content":{"rendered":"\n<h1 class=\"wp-block-heading has-text-align-center\"><strong>Firma sprz\u0105taj\u0105ca Swarz\u0119dz<\/strong><\/h1>\n\n\n\n<h6 class=\"wp-block-heading has-text-align-center\"><strong>Miasto Swarz\u0119dz<\/strong><\/h6>\n\n\n\n<p class=\"has-black-color has-text-color\">Swarz\u0119dz to urocze miasto po\u0142o\u017cone w wojew\u00f3dztwie wielkopolskim, zlokalizowane na skrzy\u017cowaniu wa\u017cnych szlak\u00f3w komunikacyjnych, co sprawia, \u017ce stanowi wa\u017cny w\u0119ze\u0142 dla mieszka\u0144c\u00f3w regionu. Miasto charakteryzuje si\u0119 malowniczymi krajobrazami, zielonymi parkami oraz licznie wyst\u0119puj\u0105cymi jeziorami i rzekami, co przyci\u0105ga turyst\u00f3w z r\u00f3\u017cnych cz\u0119\u015bci kraju.<\/p>\n\n\n\n<p class=\"has-black-color has-text-color\">Ludno\u015b\u0107 Swarz\u0119dza to zr\u00f3\u017cnicowana spo\u0142eczno\u015b\u0107, z\u0142o\u017cona z ludzi o r\u00f3\u017cnych zawodach i zainteresowaniach. Miasto to dynamicznie rozwijaj\u0105cy si\u0119 o\u015brodek, kt\u00f3ry przyci\u0105ga zar\u00f3wno ludzi m\u0142odych, jak i starszych. W Swarz\u0119dzie istnieje wiele instytucji kulturalnych i sportowych, co sprawia, \u017ce mieszka\u0144cy maj\u0105 szeroki wachlarz mo\u017cliwo\u015bci sp\u0119dzania czasu wolnego.<\/p>\n\n\n\n<h2 class=\"wp-block-heading has-text-align-center\"><strong>Firma sprz\u0105taj\u0105ca ze Swarz\u0119dza Hofre<\/strong><\/h2>\n\n\n\n<p class=\"has-black-color has-text-color\">A cze\u015b\u0107! Szukasz pomocy z utrzymaniem swojego domu, mieszkania lub biura w czysto\u015bci? Nie ma problemu, Hofre &#8211; firma sprz\u0105taj\u0105ca ze Swarz\u0119dza &#8211; jest tutaj, by Ci pom\u00f3c! Oferujemy us\u0142ugi sprz\u0105tania, aby\u015b m\u00f3g\u0142 cieszy\u0107 si\u0119 swoim czystym i pachn\u0105cym otoczeniem.<\/p>\n\n\n\n<p class=\"has-black-color has-text-color\">Nie lubisz sprz\u0105ta\u0107, bo kojarzy Ci si\u0119 to z nud\u0105 i m\u0119k\u0105? Nic straconego, Hofre ma dla Ciebie najlepsze rozwi\u0105zanie! Zatrudniamy profesjonalnych specjalist\u00f3w, kt\u00f3rzy uwielbiaj\u0105 wykonywa\u0107 porz\u0105dki, a przede wszystkim &#8211; robi\u0105 to z u\u015bmiechem na twarzy! Oferujemy sprz\u0105tanie mieszka\u0144, dom\u00f3w, biur, a nawet po remoncie i budowie.<\/p>\n\n\n\n<div class=\"wp-block-media-text alignwide is-stacked-on-mobile is-vertically-aligned-center is-image-fill\" style=\"grid-template-columns:28% auto\"><figure class=\"wp-block-media-text__media\" style=\"background-image:url(https:\/\/hofre.pl\/wp-content\/uploads\/2023\/04\/20230316_125617-1024x577.jpg);background-position:50% 50%\"><img loading=\"lazy\" decoding=\"async\" width=\"1024\" height=\"577\" src=\"https:\/\/hofre.pl\/wp-content\/uploads\/2023\/04\/20230316_125617-1024x577.jpg\" alt=\"Firma sprz\u0105taj\u0105ca Swarz\u0119dz\" class=\"wp-image-1134 size-full\" srcset=\"https:\/\/hofre.pl\/wp-content\/uploads\/2023\/04\/20230316_125617-1024x577.jpg 1024w, https:\/\/hofre.pl\/wp-content\/uploads\/2023\/04\/20230316_125617-300x169.jpg 300w, https:\/\/hofre.pl\/wp-content\/uploads\/2023\/04\/20230316_125617-768x432.jpg 768w, https:\/\/hofre.pl\/wp-content\/uploads\/2023\/04\/20230316_125617-1536x865.jpg 1536w, https:\/\/hofre.pl\/wp-content\/uploads\/2023\/04\/20230316_125617-2048x1153.jpg 2048w\" sizes=\"auto, (max-width: 1024px) 100vw, 1024px\" \/><\/figure><div class=\"wp-block-media-text__content\">\n<p class=\"has-black-color has-text-color\">Masz do\u015b\u0107 sp\u0119dzania godzin nad umywalk\u0105 i toalet\u0105? To nasze sprz\u0105tanie \u0142azienek jest dla Ciebie! Oferujemy dezynfekcj\u0119 \u0142azienek, kuchni i innych powierzchni, aby\u015b m\u00f3g\u0142 cieszy\u0107 si\u0119 swoim czystym i bezpiecznym otoczeniem.<\/p>\n<\/div><\/div>\n\n\n\n<p><\/p>\n\n\n\n<div class=\"wp-block-media-text alignwide has-media-on-the-right is-stacked-on-mobile\" style=\"grid-template-columns:auto 23%\"><div class=\"wp-block-media-text__content\">\n<h2 class=\"wp-block-heading has-text-align-center has-black-color has-text-color has-link-color wp-elements-119492993da7afcfbb41631bbf9e3575\"><strong><a href=\"https:\/\/hofre.pl\/index.php\/mycie-okien-poznan\/\" target=\"_blank\" rel=\"noreferrer noopener\">Mycie okien<\/a> Swarz\u0119dz<\/strong><\/h2>\n\n\n\n<p class=\"has-black-color has-text-color\">Mycie okien jest jednym z najbardziej czasoch\u0142onnych i trudnych zada\u0144 w domu, mieszkaniu lub biurze. Dlatego wiele os\u00f3b decyduje si\u0119 na skorzystanie z naszych us\u0142ug porz\u0105dkowych w Swarz\u0119dzu. Firma sprz\u0105taj\u0105ca w Swarz\u0119dzu oferuje dok\u0142adne mycie okien zar\u00f3wno od zewn\u0105trz, jak i od wewn\u0105trz, usuwaj\u0105c wszelkie zabrudzenia, plamy i \u015blady nie tylko z okien ale i ram oraz parapet\u00f3w. Dzi\u0119ki temu Twoje okna staj\u0105 si\u0119 przejrzyste i po\u0142yskuj\u0105ce.<\/p>\n<\/div><figure class=\"wp-block-media-text__media\"><img loading=\"lazy\" decoding=\"async\" width=\"576\" height=\"1024\" src=\"https:\/\/hofre.pl\/wp-content\/uploads\/2023\/04\/20230314_111325-576x1024.jpg\" alt=\"Mycie okien Swarz\u0119dz\" class=\"wp-image-1135 size-full\" srcset=\"https:\/\/hofre.pl\/wp-content\/uploads\/2023\/04\/20230314_111325-576x1024.jpg 576w, https:\/\/hofre.pl\/wp-content\/uploads\/2023\/04\/20230314_111325-169x300.jpg 169w, https:\/\/hofre.pl\/wp-content\/uploads\/2023\/04\/20230314_111325-768x1365.jpg 768w, https:\/\/hofre.pl\/wp-content\/uploads\/2023\/04\/20230314_111325-864x1536.jpg 864w, https:\/\/hofre.pl\/wp-content\/uploads\/2023\/04\/20230314_111325-1152x2048.jpg 1152w, https:\/\/hofre.pl\/wp-content\/uploads\/2023\/04\/20230314_111325-scaled.jpg 1440w\" sizes=\"auto, (max-width: 576px) 100vw, 576px\" \/><\/figure><\/div>\n\n\n\n<h3 class=\"wp-block-heading has-text-align-center has-black-color has-text-color has-link-color wp-elements-a370f681a1a06e5c6ed55bea02c4a806\"><strong>Firma sprz\u0105taj\u0105ca <a href=\"https:\/\/hofre.pl\/index.php\/firma-sprzatajaca-biura-poznan\/\" target=\"_blank\" rel=\"noreferrer noopener\">biura <\/a>Swarz\u0119dz<\/strong><\/h3>\n\n\n\n<p class=\"has-black-color has-text-color\">Zadbamy o to, \u017ceby Pa\u0144stwa biuro, kt\u00f3re maj\u0105 pa\u0144stwo w gminie lub mie\u015bcie Swarz\u0119dz zawsze by\u0142o czyste i schludne i przyci\u0105ga\u0142o jak najwi\u0119ksz\u0105 ilo\u015b\u0107 klient\u00f3w. Oferujemy profesjonalne sprz\u0105tanie biur, kt\u00f3re obejmuje odkurzanie dywan\u00f3w, wycieranie pod\u0142\u00f3g, mycie okien, dezynfekcj\u0119 powierzchni biurowych, kuchni, pomieszcze\u0144 socjalnych oraz wiele innych us\u0142ug, kt\u00f3re dostosowujemy indywidualnie do potrzeb naszych klient\u00f3w. Dzi\u0119ki nam, Twoje biuro zawsze b\u0119dzie pachnia\u0142o \u015bwie\u017co\u015bci\u0105, a Ty nie b\u0119dziesz musia\u0142 siedzie\u0107 w\u015br\u00f3d brudnych talerzy i kubk\u00f3w po kawie, twoi pracownicy lubi\u0105 to :). <\/p>\n\n\n\n<h3 class=\"wp-block-heading has-text-align-center\"><strong>Sprz\u0105tanie po budowie , remoncie Swarz\u0119dz<\/strong><\/h3>\n\n\n\n<p class=\"has-black-color has-text-color\">Wiesz co jest najlepsze po zako\u0144czeniu budowy lub remontu? To, \u017ce mo\u017cesz w ko\u0144cu odpocz\u0105\u0107 i cieszy\u0107 si\u0119 swoim nowym, \u015bwie\u017co odnowionym <a href=\"https:\/\/hofre.pl\/index.php\/firma-sprzatajaca-domy-poznan\/\" target=\"_blank\" rel=\"noreferrer noopener\">pomieszczeniem<\/a>. Ale niestety, przed tym trzeba przetrwa\u0107 jedn\u0105 z najwi\u0119kszych udr\u0119k &#8211; sprz\u0105tanie po budowie.<\/p>\n\n\n\n<div class=\"wp-block-media-text alignwide is-stacked-on-mobile\" style=\"grid-template-columns:47% auto\"><figure class=\"wp-block-media-text__media\"><img loading=\"lazy\" decoding=\"async\" width=\"1024\" height=\"576\" src=\"https:\/\/hofre.pl\/wp-content\/uploads\/2023\/04\/20230316_161600-1024x576.jpg\" alt=\"Firma sprz\u0105taj\u0105ca po budowie, remoncie Swarz\u0119dz\" class=\"wp-image-1136 size-full\" srcset=\"https:\/\/hofre.pl\/wp-content\/uploads\/2023\/04\/20230316_161600-1024x576.jpg 1024w, https:\/\/hofre.pl\/wp-content\/uploads\/2023\/04\/20230316_161600-300x169.jpg 300w, https:\/\/hofre.pl\/wp-content\/uploads\/2023\/04\/20230316_161600-768x432.jpg 768w, https:\/\/hofre.pl\/wp-content\/uploads\/2023\/04\/20230316_161600-1536x864.jpg 1536w, https:\/\/hofre.pl\/wp-content\/uploads\/2023\/04\/20230316_161600-2048x1152.jpg 2048w\" sizes=\"auto, (max-width: 1024px) 100vw, 1024px\" \/><\/figure><div class=\"wp-block-media-text__content\">\n<p class=\"has-black-color has-text-color\">Nasz zesp\u00f3\u0142 firma sprz\u0105taj\u0105ca po budowie Swarz\u0119dz jest wyposa\u017cona w najnowocze\u015bniejszy <a href=\"https:\/\/www.kaercher.com\/pl\/\" target=\"_blank\" rel=\"noreferrer noopener\">sprz\u0119t <\/a>oraz \u015br. <a href=\"https:\/\/www.clinex.com.pl\" target=\"_blank\" rel=\"noreferrer noopener\">czysto\u015bci<\/a>, aby sprz\u0105tanie po budowie czy remoncie by\u0142o jeszcze \u0142atwiejsze i bardziej skuteczne. Oferujemy mycie okien po budowie i remoncie, odkurzanie py\u0142u i mycie pod\u0142\u00f3g, mycie \u015bcian mebli tak\u017ce kuchennych i pokojowych czy typu komandora, a tak\u017ce usuwanie resztek farby i kleju.<\/p>\n\n\n\n<p class=\"has-black-color has-text-color\">A je\u015bli masz jakie\u015b szczeg\u00f3lne wymagania, to Hofre jest otwarte na wszelkie propozycje. Nie ma dla nas rzeczy niemo\u017cliwych! Chcesz, \u017ceby\u015bmy posprz\u0105tali kawa\u0142ek muru, kt\u00f3ry pozosta\u0142 po demonta\u017cu \u015bciany? Spoko, to dla nas pestka!<\/p>\n<\/div><\/div>\n\n\n\n<p class=\"has-black-color has-text-color\">Czasem sprz\u0105tanie po budowie mo\u017ce wydawa\u0107 si\u0119 niewdzi\u0119czne i m\u0119cz\u0105ce, ale z Hofre przy boku mo\u017cesz wiedzie\u0107, \u017ce Twoje nowe pomieszczenie b\u0119dzie b\u0142yszcze\u0107 czysto\u015bci\u0105. Wi\u0119c nie czekaj ju\u017c d\u0142u\u017cej i <a href=\"https:\/\/hofre.pl\/index.php\/firma-sprzatajaca-poznan-kontakt\/\" target=\"_blank\" rel=\"noreferrer noopener\">skontaktuj <\/a>si\u0119 z nami, aby\u015bmy mogli pom\u00f3c Ci w porz\u0105dkach po budowie. Hofre &#8211; z nami sprz\u0105tanie po budowie to ju\u017c nie udr\u0119ka!<\/p>\n\n\n\n<h4 class=\"wp-block-heading has-text-align-center has-black-color has-text-color has-link-color wp-elements-0a10e5f8a6d8cc9a3d65dff02b3ef57a\"><strong>Gmina Swarz\u0119dz <a href=\"https:\/\/hofre.pl\/index.php\/zasiegi-firmy-sprzatajacej-z-poznania\/\" target=\"_blank\" rel=\"noreferrer noopener\">zasi\u0119g <\/a>firmy Hofre<\/strong><\/h4>\n\n\n\n<p class=\"has-black-color has-text-color\">Je\u015bli zastanawiasz si\u0119 gdzie tak naprawd\u0119 mo\u017cemy \u015bwiadczy\u0107 us\u0142ugi to musisz pami\u0119ta\u0107, \u017ce doje\u017cd\u017camy dos\u0142ownie do ka\u017cdego miasta i miasteczka oraz wsi w gminie Swarz\u0119dz. <\/p>\n\n\n\n<p class=\"has-black-color has-text-color\">S\u0105 to <\/p>\n\n\n\n<p class=\"has-black-color has-text-color\">St\u0119szew, Kr\u0105plewo, D\u0119bienko, Trzebaw, G\u00f3rka, B\u0119dlewo, Wroczyn, Modrze, Dro\u017cd\u017cyce, Strykowo, Srocko Ma\u0142e, Stryk\u00f3wko, Antoninek, Sapowice, S\u0142upia, Piekary, Rybojedzko, Jeziorki, Tomiczki, Tomice oraz Miros\u0142awki zapraszamy do skorzystania z naszych <a href=\"https:\/\/hofre.pl\/index.php\/uslugi-sprzatajace-w-poznaniu\/\" target=\"_blank\" rel=\"noreferrer noopener\">us\u0142ug<\/a>.<\/p>\n\n\n\n<h3 class=\"wp-block-heading has-text-align-center has-black-color has-text-color has-link-color wp-elements-7dd7e08a5cf445fb1cf0dabf037a78a1\"><strong>Firma sprz\u0105taj\u0105ca Swarz\u0119dz <a href=\"https:\/\/hofre.pl\/index.php\/firma-sprzatajaca-poznan-cennik\/\" target=\"_blank\" rel=\"noreferrer noopener\">Cennik<\/a><\/strong><\/h3>\n\n\n\n<p class=\"has-black-color has-text-color\">Je\u015bli nie wiesz ile kosztuj\u0105 us\u0142ugi sprz\u0105tania <a href=\"https:\/\/hofre.pl\/index.php\/firma-sprzatajaca-poznan-kontakt\/\" target=\"_blank\" rel=\"noreferrer noopener\">skontaktuj <\/a>si\u0119 z nami ju\u017c dzi\u015b i dowiedz si\u0119 o jak najlepszej cenie dla ciebie.<\/p>\n","protected":false},"excerpt":{"rendered":"<p>Firma sprz\u0105taj\u0105ca Swarz\u0119dz Miasto Swarz\u0119dz Swarz\u0119dz to urocze miasto po\u0142o\u017cone w wojew\u00f3dztwie wielkopolskim, zlokalizowane na skrzy\u017cowaniu wa\u017cnych szlak\u00f3w komunikacyjnych, co sprawia, \u017ce stanowi wa\u017cny w\u0119ze\u0142 dla mieszka\u0144c\u00f3w regionu. Miasto charakteryzuje si\u0119 malowniczymi krajobrazami, zielonymi parkami oraz licznie wyst\u0119puj\u0105cymi jeziorami i rzekami, co przyci\u0105ga turyst\u00f3w z r\u00f3\u017cnych cz\u0119\u015bci kraju. Ludno\u015b\u0107 Swarz\u0119dza to zr\u00f3\u017cnicowana spo\u0142eczno\u015b\u0107, z\u0142o\u017cona z [&hellip;]<\/p>\n","protected":false},"author":1,"featured_media":0,"parent":0,"menu_order":0,"comment_status":"closed","ping_status":"closed","template":"","meta":{"footnotes":""},"class_list":["post-1106","page","type-page","status-publish","hentry"],"yoast_head":"<!-- This site is optimized with the Yoast SEO plugin v27.3 - https:\/\/yoast.com\/product\/yoast-seo-wordpress\/ -->\n<title>Firma sprz\u0105taj\u0105ca Swarz\u0119dz - Hofre.pl<\/title>\n<meta name=\"robots\" content=\"index, follow, max-snippet:-1, max-image-preview:large, max-video-preview:-1\" \/>\n<link rel=\"canonical\" href=\"https:\/\/hofre.pl\/index.php\/firma-sprzatajaca-swarzedz\/\" \/>\n<meta property=\"og:locale\" content=\"en_US\" \/>\n<meta property=\"og:type\" content=\"article\" \/>\n<meta property=\"og:title\" content=\"Firma sprz\u0105taj\u0105ca Swarz\u0119dz - Hofre.pl\" \/>\n<meta property=\"og:description\" content=\"Firma sprz\u0105taj\u0105ca Swarz\u0119dz Miasto Swarz\u0119dz Swarz\u0119dz to urocze miasto po\u0142o\u017cone w wojew\u00f3dztwie wielkopolskim, zlokalizowane na skrzy\u017cowaniu wa\u017cnych szlak\u00f3w komunikacyjnych, co sprawia, \u017ce stanowi wa\u017cny w\u0119ze\u0142 dla mieszka\u0144c\u00f3w regionu. Miasto charakteryzuje si\u0119 malowniczymi krajobrazami, zielonymi parkami oraz licznie wyst\u0119puj\u0105cymi jeziorami i rzekami, co przyci\u0105ga turyst\u00f3w z r\u00f3\u017cnych cz\u0119\u015bci kraju. Ludno\u015b\u0107 Swarz\u0119dza to zr\u00f3\u017cnicowana spo\u0142eczno\u015b\u0107, z\u0142o\u017cona z [&hellip;]\" \/>\n<meta property=\"og:url\" content=\"https:\/\/hofre.pl\/index.php\/firma-sprzatajaca-swarzedz\/\" \/>\n<meta property=\"article:publisher\" content=\"https:\/\/www.facebook.com\/profile.php?id=100088584422656\" \/>\n<meta property=\"article:modified_time\" content=\"2024-10-29T14:16:02+00:00\" \/>\n<meta property=\"og:image\" content=\"https:\/\/hofre.pl\/wp-content\/uploads\/2023\/04\/20230316_125617-scaled.jpg\" \/>\n\t<meta property=\"og:image:width\" content=\"2560\" \/>\n\t<meta property=\"og:image:height\" content=\"1442\" \/>\n\t<meta property=\"og:image:type\" content=\"image\/jpeg\" \/>\n<meta name=\"twitter:card\" content=\"summary_large_image\" \/>\n<meta name=\"twitter:label1\" content=\"Est. reading time\" \/>\n\t<meta name=\"twitter:data1\" content=\"4 minutes\" \/>\n<script type=\"application\/ld+json\" class=\"yoast-schema-graph\">{\"@context\":\"https:\\\/\\\/schema.org\",\"@graph\":[{\"@type\":\"WebPage\",\"@id\":\"https:\\\/\\\/hofre.pl\\\/index.php\\\/firma-sprzatajaca-swarzedz\\\/\",\"url\":\"https:\\\/\\\/hofre.pl\\\/index.php\\\/firma-sprzatajaca-swarzedz\\\/\",\"name\":\"Firma sprz\u0105taj\u0105ca Swarz\u0119dz - Hofre.pl\",\"isPartOf\":{\"@id\":\"https:\\\/\\\/hofre.pl\\\/#website\"},\"primaryImageOfPage\":{\"@id\":\"https:\\\/\\\/hofre.pl\\\/index.php\\\/firma-sprzatajaca-swarzedz\\\/#primaryimage\"},\"image\":{\"@id\":\"https:\\\/\\\/hofre.pl\\\/index.php\\\/firma-sprzatajaca-swarzedz\\\/#primaryimage\"},\"thumbnailUrl\":\"https:\\\/\\\/hofre.pl\\\/wp-content\\\/uploads\\\/2023\\\/04\\\/20230316_125617-1024x577.jpg\",\"datePublished\":\"2023-04-01T19:44:47+00:00\",\"dateModified\":\"2024-10-29T14:16:02+00:00\",\"breadcrumb\":{\"@id\":\"https:\\\/\\\/hofre.pl\\\/index.php\\\/firma-sprzatajaca-swarzedz\\\/#breadcrumb\"},\"inLanguage\":\"en-US\",\"potentialAction\":[{\"@type\":\"ReadAction\",\"target\":[\"https:\\\/\\\/hofre.pl\\\/index.php\\\/firma-sprzatajaca-swarzedz\\\/\"]}]},{\"@type\":\"ImageObject\",\"inLanguage\":\"en-US\",\"@id\":\"https:\\\/\\\/hofre.pl\\\/index.php\\\/firma-sprzatajaca-swarzedz\\\/#primaryimage\",\"url\":\"https:\\\/\\\/hofre.pl\\\/wp-content\\\/uploads\\\/2023\\\/04\\\/20230316_125617-scaled.jpg\",\"contentUrl\":\"https:\\\/\\\/hofre.pl\\\/wp-content\\\/uploads\\\/2023\\\/04\\\/20230316_125617-scaled.jpg\",\"width\":2560,\"height\":1442},{\"@type\":\"BreadcrumbList\",\"@id\":\"https:\\\/\\\/hofre.pl\\\/index.php\\\/firma-sprzatajaca-swarzedz\\\/#breadcrumb\",\"itemListElement\":[{\"@type\":\"ListItem\",\"position\":1,\"name\":\"Strona g\u0142\u00f3wna\",\"item\":\"https:\\\/\\\/hofre.pl\\\/\"},{\"@type\":\"ListItem\",\"position\":2,\"name\":\"Swarz\u0119dz\"}]},{\"@type\":\"WebSite\",\"@id\":\"https:\\\/\\\/hofre.pl\\\/#website\",\"url\":\"https:\\\/\\\/hofre.pl\\\/\",\"name\":\"Firma sprz\u0105taj\u0105ca Pozna\u0144 Hofre\",\"description\":\"\",\"publisher\":{\"@id\":\"https:\\\/\\\/hofre.pl\\\/#organization\"},\"alternateName\":\"Firma sprz\u0105taj\u0105ca z Poznania\",\"potentialAction\":[{\"@type\":\"SearchAction\",\"target\":{\"@type\":\"EntryPoint\",\"urlTemplate\":\"https:\\\/\\\/hofre.pl\\\/?s={search_term_string}\"},\"query-input\":{\"@type\":\"PropertyValueSpecification\",\"valueRequired\":true,\"valueName\":\"search_term_string\"}}],\"inLanguage\":\"en-US\"},{\"@type\":\"Organization\",\"@id\":\"https:\\\/\\\/hofre.pl\\\/#organization\",\"name\":\"Firma sprz\u0105taj\u0105ca Pozna\u0144 Hofre\",\"url\":\"https:\\\/\\\/hofre.pl\\\/\",\"logo\":{\"@type\":\"ImageObject\",\"inLanguage\":\"en-US\",\"@id\":\"https:\\\/\\\/hofre.pl\\\/#\\\/schema\\\/logo\\\/image\\\/\",\"url\":\"https:\\\/\\\/hofre.pl\\\/wp-content\\\/uploads\\\/2023\\\/02\\\/cropped-Hofre-Poznan-logo.jpg\",\"contentUrl\":\"https:\\\/\\\/hofre.pl\\\/wp-content\\\/uploads\\\/2023\\\/02\\\/cropped-Hofre-Poznan-logo.jpg\",\"width\":825,\"height\":250,\"caption\":\"Firma sprz\u0105taj\u0105ca Pozna\u0144 Hofre\"},\"image\":{\"@id\":\"https:\\\/\\\/hofre.pl\\\/#\\\/schema\\\/logo\\\/image\\\/\"},\"sameAs\":[\"https:\\\/\\\/www.facebook.com\\\/profile.php?id=100088584422656\",\"https:\\\/\\\/www.instagram.com\\\/firma_sprzatajaca_poznan_hofre\\\/\"]}]}<\/script>\n<!-- \/ Yoast SEO plugin. -->","yoast_head_json":{"title":"Firma sprz\u0105taj\u0105ca Swarz\u0119dz - Hofre.pl","robots":{"index":"index","follow":"follow","max-snippet":"max-snippet:-1","max-image-preview":"max-image-preview:large","max-video-preview":"max-video-preview:-1"},"canonical":"https:\/\/hofre.pl\/index.php\/firma-sprzatajaca-swarzedz\/","og_locale":"en_US","og_type":"article","og_title":"Firma sprz\u0105taj\u0105ca Swarz\u0119dz - Hofre.pl","og_description":"Firma sprz\u0105taj\u0105ca Swarz\u0119dz Miasto Swarz\u0119dz Swarz\u0119dz to urocze miasto po\u0142o\u017cone w wojew\u00f3dztwie wielkopolskim, zlokalizowane na skrzy\u017cowaniu wa\u017cnych szlak\u00f3w komunikacyjnych, co sprawia, \u017ce stanowi wa\u017cny w\u0119ze\u0142 dla mieszka\u0144c\u00f3w regionu. Miasto charakteryzuje si\u0119 malowniczymi krajobrazami, zielonymi parkami oraz licznie wyst\u0119puj\u0105cymi jeziorami i rzekami, co przyci\u0105ga turyst\u00f3w z r\u00f3\u017cnych cz\u0119\u015bci kraju. Ludno\u015b\u0107 Swarz\u0119dza to zr\u00f3\u017cnicowana spo\u0142eczno\u015b\u0107, z\u0142o\u017cona z [&hellip;]","og_url":"https:\/\/hofre.pl\/index.php\/firma-sprzatajaca-swarzedz\/","article_publisher":"https:\/\/www.facebook.com\/profile.php?id=100088584422656","article_modified_time":"2024-10-29T14:16:02+00:00","og_image":[{"width":2560,"height":1442,"url":"https:\/\/hofre.pl\/wp-content\/uploads\/2023\/04\/20230316_125617-scaled.jpg","type":"image\/jpeg"}],"twitter_card":"summary_large_image","twitter_misc":{"Est. reading time":"4 minutes"},"schema":{"@context":"https:\/\/schema.org","@graph":[{"@type":"WebPage","@id":"https:\/\/hofre.pl\/index.php\/firma-sprzatajaca-swarzedz\/","url":"https:\/\/hofre.pl\/index.php\/firma-sprzatajaca-swarzedz\/","name":"Firma sprz\u0105taj\u0105ca Swarz\u0119dz - Hofre.pl","isPartOf":{"@id":"https:\/\/hofre.pl\/#website"},"primaryImageOfPage":{"@id":"https:\/\/hofre.pl\/index.php\/firma-sprzatajaca-swarzedz\/#primaryimage"},"image":{"@id":"https:\/\/hofre.pl\/index.php\/firma-sprzatajaca-swarzedz\/#primaryimage"},"thumbnailUrl":"https:\/\/hofre.pl\/wp-content\/uploads\/2023\/04\/20230316_125617-1024x577.jpg","datePublished":"2023-04-01T19:44:47+00:00","dateModified":"2024-10-29T14:16:02+00:00","breadcrumb":{"@id":"https:\/\/hofre.pl\/index.php\/firma-sprzatajaca-swarzedz\/#breadcrumb"},"inLanguage":"en-US","potentialAction":[{"@type":"ReadAction","target":["https:\/\/hofre.pl\/index.php\/firma-sprzatajaca-swarzedz\/"]}]},{"@type":"ImageObject","inLanguage":"en-US","@id":"https:\/\/hofre.pl\/index.php\/firma-sprzatajaca-swarzedz\/#primaryimage","url":"https:\/\/hofre.pl\/wp-content\/uploads\/2023\/04\/20230316_125617-scaled.jpg","contentUrl":"https:\/\/hofre.pl\/wp-content\/uploads\/2023\/04\/20230316_125617-scaled.jpg","width":2560,"height":1442},{"@type":"BreadcrumbList","@id":"https:\/\/hofre.pl\/index.php\/firma-sprzatajaca-swarzedz\/#breadcrumb","itemListElement":[{"@type":"ListItem","position":1,"name":"Strona g\u0142\u00f3wna","item":"https:\/\/hofre.pl\/"},{"@type":"ListItem","position":2,"name":"Swarz\u0119dz"}]},{"@type":"WebSite","@id":"https:\/\/hofre.pl\/#website","url":"https:\/\/hofre.pl\/","name":"Firma sprz\u0105taj\u0105ca Pozna\u0144 Hofre","description":"","publisher":{"@id":"https:\/\/hofre.pl\/#organization"},"alternateName":"Firma sprz\u0105taj\u0105ca z Poznania","potentialAction":[{"@type":"SearchAction","target":{"@type":"EntryPoint","urlTemplate":"https:\/\/hofre.pl\/?s={search_term_string}"},"query-input":{"@type":"PropertyValueSpecification","valueRequired":true,"valueName":"search_term_string"}}],"inLanguage":"en-US"},{"@type":"Organization","@id":"https:\/\/hofre.pl\/#organization","name":"Firma sprz\u0105taj\u0105ca Pozna\u0144 Hofre","url":"https:\/\/hofre.pl\/","logo":{"@type":"ImageObject","inLanguage":"en-US","@id":"https:\/\/hofre.pl\/#\/schema\/logo\/image\/","url":"https:\/\/hofre.pl\/wp-content\/uploads\/2023\/02\/cropped-Hofre-Poznan-logo.jpg","contentUrl":"https:\/\/hofre.pl\/wp-content\/uploads\/2023\/02\/cropped-Hofre-Poznan-logo.jpg","width":825,"height":250,"caption":"Firma sprz\u0105taj\u0105ca Pozna\u0144 Hofre"},"image":{"@id":"https:\/\/hofre.pl\/#\/schema\/logo\/image\/"},"sameAs":["https:\/\/www.facebook.com\/profile.php?id=100088584422656","https:\/\/www.instagram.com\/firma_sprzatajaca_poznan_hofre\/"]}]}},"jetpack_sharing_enabled":true,"_links":{"self":[{"href":"https:\/\/hofre.pl\/index.php\/wp-json\/wp\/v2\/pages\/1106","targetHints":{"allow":["GET"]}}],"collection":[{"href":"https:\/\/hofre.pl\/index.php\/wp-json\/wp\/v2\/pages"}],"about":[{"href":"https:\/\/hofre.pl\/index.php\/wp-json\/wp\/v2\/types\/page"}],"author":[{"embeddable":true,"href":"https:\/\/hofre.pl\/index.php\/wp-json\/wp\/v2\/users\/1"}],"replies":[{"embeddable":true,"href":"https:\/\/hofre.pl\/index.php\/wp-json\/wp\/v2\/comments?post=1106"}],"version-history":[{"count":10,"href":"https:\/\/hofre.pl\/index.php\/wp-json\/wp\/v2\/pages\/1106\/revisions"}],"predecessor-version":[{"id":1457,"href":"https:\/\/hofre.pl\/index.php\/wp-json\/wp\/v2\/pages\/1106\/revisions\/1457"}],"wp:attachment":[{"href":"https:\/\/hofre.pl\/index.php\/wp-json\/wp\/v2\/media?parent=1106"}],"curies":[{"name":"wp","href":"https:\/\/api.w.org\/{rel}","templated":true}]}}